{"id":3767,"date":"2016-09-25T16:02:10","date_gmt":"2016-09-25T15:02:10","guid":{"rendered":"https:\/\/moduli.si\/sivanje\/"},"modified":"2024-03-20T13:08:30","modified_gmt":"2024-03-20T12:08:30","slug":"naehen","status":"publish","type":"page","link":"https:\/\/moduli.si\/de\/naehen\/","title":{"rendered":"N\u00e4hen"},"content":{"rendered":"<p>[vc_row full_width=&#8220;&#8220; parallax=&#8220;&#8220; parallax_image=&#8220;&#8220;][vc_column][block_title inner_style_title=&#8220;two_titles&#8220; title=&#8220;N\u00c4HEN&#8220; subtitle=&#8220;UNSERE DIENSTLEISTUNGEN&#8220;][\/block_title][\/vc_column][\/vc_row][vc_row full_width=&#8220;&#8220; parallax=&#8220;&#8220; parallax_image=&#8220;&#8220;][vc_column][vc_column_text]Qualit\u00e4tsprodukte. Geschaffen so, dass Sie Materialien in einer v\u00f6llig neuen Dimension erleben k\u00f6nnen.<\/p>\n<ul>\n<li>N\u00e4hen f\u00fcr die hochwertige <strong>M\u00f6belindustrie und Automobil<\/strong> stellt hohe Anforderungen und Kriterien an den Produktionsprozess.<\/li>\n<li>Mit kontinuierlicher Weiterbildung und umfassendem Know-How von Mitarbeitern erf\u00fcllen wir diese Anforderungen.<\/li>\n<li>Umfangreiche Anlagen und Produktionsst\u00e4tten, die die Entwicklung, Herstellung und den Versand des fertigen Produkts an den Kunden gew\u00e4hrleisten.<\/li>\n<li>Wir arbeiten mit namhaften Herstellern in Slowenien und im Ausland zusammen, die unsere Produkte als Fertigprodukte verkaufen.<\/li>\n<li>Der gr\u00f6\u00dfte Wettbewerbsvorteil ist die schnelle Anpassbarkeit an die Marktanforderungen.<\/li>\n<\/ul>\n<p>Weitere Produkte finden Sie in unserem <span style=\"text-decoration: underline;\"><strong><a href=\"https:\/\/moduli.si\/trgovina\">Online-Shop<\/a><\/strong><\/span>.[\/vc_column_text][block_title inner_style_title=&#8220;two_titles&#8220; title=&#8220;PRODUKTE&#8220;][\/block_title][vc_column_text]<\/p>\n<h3><strong>Hausschuhe<\/strong><\/h3>\n<p>Hochwertige Hausschuhe aus Textil oder Leder.<\/p>\n<h3><strong>Matten, Teppiche f\u00fcr Autos<\/strong><\/h3>\n<p>Leder ist ein Naturprodukt, das im Produktionsprozess so verarbeitet wird, dass das Produkt ein vollst\u00e4ndiges und komfortables Fahren erm\u00f6glicht. Innovative Matten aus echtem Leder wurden entwickelt, um ein Produkt zu schaffen, das hygienisch und leicht zu reinigen ist. Die Matte ist wasserdicht, damit kein Schmutz eindringen kann.<\/p>\n<p>Textilmatten werden aus hochwertigem Standardmaterial f\u00fcr Fahrzeuge von h\u00f6heren Preisklassen hergestellt.<\/p>\n<h3><strong>Bez\u00fcge<br \/>\n<\/strong><\/h3>\n<h4><strong><br \/>\nBez\u00fcge f\u00fcr Heizger\u00e4te \/ Wasserspeicherkessel und W\u00e4rmepumpen<\/strong><\/h4>\n<p>Die Bez\u00fcge f\u00fcr Wasserspeicherkessel, W\u00e4rmepumpen und Speicherbeh\u00e4lter bestehen aus Kunstleder, das mit der gew\u00fcnschten St\u00e4rke des D\u00e4mmstoffs ausgekleidet ist. Wir arbeiten mit einem anerkannten slowenischen Hersteller zusammen, der unsere Bez\u00fcge in das Endprodukt einbaut.<\/p>\n<h4><strong>Sitzbez\u00fcge f\u00fcr Landwirtschaftliche- und Transportmaschinen und Motoren<\/strong><\/h4>\n<p>Die Bez\u00fcge bestehen aus hochwertigen Materialien, die auf Kundenwunsch ganz individuell mit unterschiedlichen Beschriftungen oder Gem\u00e4lden versehen werden k\u00f6nnen. Die Materialien sind luftdurchl\u00e4ssig und atmungsaktiv, so dass der Sitzkomfort v\u00f6llig gew\u00e4hrleistet ist<\/p>\n<h4><strong>Sitzbez\u00fcge f\u00fcr einen Motor oder ein Quad<\/strong><\/h4>\n<p>F\u00fcr spezielle Bed\u00fcrfnisse werden die Sitze f\u00fcr den Motor oder das Quad ganz nach Kundenwunsch und aus dem gew\u00fcnschten Material (Leder, Kunstleder) gefertigt.<\/p>\n<h4><strong>M\u00f6belindustrie<\/strong><\/h4>\n<p>Das N\u00e4hen f\u00fcr die hochwertige M\u00f6belindustrie stellt hohe Anforderungen an unseren Produktionsprozess. Wir arbeiten mit namhaften Herstellern in Slowenien und im Ausland zusammen, die unsere Produkte als Fertigprodukte verkaufen.<\/p>\n<h4><strong>Kurzwaren<\/strong><\/h4>\n<p>Gelegenheitsartikel oder Kurzwaren aus verschiedenen Materialien.<\/p>\n<ul>\n<li>Blument\u00f6pfe<\/li>\n<li>Taschen, Autotaschen, Beutel<\/li>\n<li>dekorative Kissen<\/li>\n<li>Geschenkt\u00fcten<\/li>\n<li>Etuis und H\u00fcllen<\/li>\n<li>moderne und bequeme Sitzs\u00e4cke<\/li>\n<li>moderne Rucksack<\/li>\n<\/ul>\n<p>[\/vc_column_text][\/vc_column][\/vc_row][vc_row full_width=&#8220;&#8220; parallax=&#8220;&#8220; parallax_image=&#8220;&#8220;][vc_column width=&#8220;1\/2&#8243;][vc_single_image image=&#8220;3771&#8243; img_size=&#8220;full&#8220;][vc_single_image image=&#8220;3769&#8243; img_size=&#8220;full&#8220;][\/vc_column][vc_column width=&#8220;1\/2&#8243;][vc_single_image image=&#8220;3770&#8243; img_size=&#8220;full&#8220;][\/vc_column][\/vc_row][vc_row type=&#8220;full_width_background&#8220; bg_color=&#8220;#f15f22&#8243; text_color=&#8220;light&#8220; top_padding=&#8220;30&#8243; bottom_padding=&#8220;30&#8243;][vc_column][textbar button_title=&#8220;KONTAKTIREN SIE UNS&#8220; button_link=&#8220;https:\/\/moduli.si\/de\/kontakte\/&#8220; icon=&#8220;moon-arrow-right-5&#8243; title=&#8220;Are you ready to be part of our 2000+ satisfied clients for only $55 ?&#8220;]Kompletter Service &#8211; vom Plan bis zum Produkt.[\/textbar][\/vc_column][\/vc_row]<\/p>\n","protected":false},"excerpt":{"rendered":"<p>[vc_row full_width=&#8220;&#8220; parallax=&#8220;&#8220; parallax_image=&#8220;&#8220;][vc_column][block_title inner_style_title=&#8220;two_titles&#8220; title=&#8220;N\u00c4HEN&#8220; subtitle=&#8220;UNSERE DIENSTLEISTUNGEN&#8220;][\/block_title][\/vc_column][\/vc_row][vc_row full_width=&#8220;&#8220; parallax=&#8220;&#8220; parallax_image=&#8220;&#8220;][vc_column][vc_column_text]Qualit\u00e4tsprodukte. Geschaffen so, dass Sie Materialien in einer v\u00f6llig neuen Dimension erleben k\u00f6nnen. N\u00e4hen f\u00fcr die hochwertige M\u00f6belindustrie und Automobil stellt hohe Anforderungen und Kriterien an den Produktionsprozess. Mit kontinuierlicher Weiterbildung und umfassendem Know-How von Mitarbeitern erf\u00fcllen wir diese Anforderungen. Umfangreiche Anlagen und Produktionsst\u00e4tten, die [&hellip;]<\/p>\n","protected":false},"author":1,"featured_media":0,"parent":0,"menu_order":0,"comment_status":"closed","ping_status":"closed","template":"","meta":[],"aioseo_notices":[],"_links":{"self":[{"href":"https:\/\/moduli.si\/de\/wp-json\/wp\/v2\/pages\/3767"}],"collection":[{"href":"https:\/\/moduli.si\/de\/wp-json\/wp\/v2\/pages"}],"about":[{"href":"https:\/\/moduli.si\/de\/wp-json\/wp\/v2\/types\/page"}],"author":[{"embeddable":true,"href":"https:\/\/moduli.si\/de\/wp-json\/wp\/v2\/users\/1"}],"replies":[{"embeddable":true,"href":"https:\/\/moduli.si\/de\/wp-json\/wp\/v2\/comments?post=3767"}],"version-history":[{"count":6,"href":"https:\/\/moduli.si\/de\/wp-json\/wp\/v2\/pages\/3767\/revisions"}],"predecessor-version":[{"id":4634,"href":"https:\/\/moduli.si\/de\/wp-json\/wp\/v2\/pages\/3767\/revisions\/4634"}],"wp:attachment":[{"href":"https:\/\/moduli.si\/de\/wp-json\/wp\/v2\/media?parent=3767"}],"curies":[{"name":"wp","href":"https:\/\/api.w.org\/{rel}","templated":true}]}}