{"id":3787,"date":"2016-09-25T16:27:25","date_gmt":"2016-09-25T15:27:25","guid":{"rendered":"https:\/\/moduli.si\/razvoj-interierja\/"},"modified":"2024-03-20T13:04:15","modified_gmt":"2024-03-20T12:04:15","slug":"interiorentwicklung","status":"publish","type":"page","link":"https:\/\/moduli.si\/de\/interiorentwicklung\/","title":{"rendered":"Interiorentwicklung"},"content":{"rendered":"<p>[vc_row full_width=&#8220;&#8220; parallax=&#8220;&#8220; parallax_image=&#8220;&#8220;][vc_column][block_title inner_style_title=&#8220;two_titles&#8220; title=&#8220;INTERIORENTWICKLUNG&#8220; subtitle=&#8220;UNSERE DIENSTLEISTUNGEN&#8220;][\/block_title][\/vc_column][\/vc_row][vc_row full_width=&#8220;&#8220; parallax=&#8220;&#8220; parallax_image=&#8220;&#8220;][vc_column][vc_column_text]Gemeinsam mit Gesch\u00e4ftspartnern bieten wir eine Komplettl\u00f6sung vom Plan bis zur Entwicklung des Serienprodukts.<\/p>\n<ul>\n<li>Entwickler mit Erfahrung f\u00fcr die anspruchsvollsten europ\u00e4ischen EOM-Kunden.<\/li>\n<li>Multidisziplinarit\u00e4t von Entwicklungsteams unter Anleitung von APQP-Tools.<\/li>\n<li>In Zusammenarbeit mit externen Experten erzielen wir ein umfassendes Angebot: Entwicklung, Zuschneiden auf einem Cutter, Prototyp-N\u00e4hraum, Pl\u00e4ne in Optitex.<\/li>\n<li>Das umfassende Angebot erm\u00f6glicht die Flexibilit\u00e4t, die von Kunden bemerkt und gesehen wird.<\/li>\n<li>Nachhaltige und kontinuierliche Weiterbildung und umfassendes Know-How der Mitarbeiter.<\/li>\n<li>Umfangreiche Anlagen und Produktionsst\u00e4tten sorgen f\u00fcr die Entwicklung und Industrialisierung der entwickelten Produkte.<\/li>\n<\/ul>\n<p>[\/vc_column_text][\/vc_column][\/vc_row][vc_row full_width=&#8220;&#8220; parallax=&#8220;&#8220; parallax_image=&#8220;&#8220;][vc_column][vc_single_image image=&#8220;3790&#8243; img_size=&#8220;full&#8220;][vc_single_image image=&#8220;3780&#8243; img_size=&#8220;full&#8220;][\/vc_column][\/vc_row][vc_row type=&#8220;full_width_background&#8220; bg_color=&#8220;#f15f22&#8243; text_color=&#8220;light&#8220; top_padding=&#8220;30&#8243; bottom_padding=&#8220;30&#8243;][vc_column][textbar button_title=&#8220;KONTAKTIREN SIE UNS&#8220; button_link=&#8220;https:\/\/moduli.si\/de\/kontakte\/&#8220; icon=&#8220;moon-arrow-right-5&#8243; title=&#8220;Are you ready to be part of our 2000+ satisfied clients for only $55 ?&#8220;]Kompletter Service &#8211; vom Plan bis zum Produkt.[\/textbar][\/vc_column][\/vc_row]<\/p>\n","protected":false},"excerpt":{"rendered":"<p>[vc_row full_width=&#8220;&#8220; parallax=&#8220;&#8220; parallax_image=&#8220;&#8220;][vc_column][block_title inner_style_title=&#8220;two_titles&#8220; title=&#8220;INTERIORENTWICKLUNG&#8220; subtitle=&#8220;UNSERE DIENSTLEISTUNGEN&#8220;][\/block_title][\/vc_column][\/vc_row][vc_row full_width=&#8220;&#8220; parallax=&#8220;&#8220; parallax_image=&#8220;&#8220;][vc_column][vc_column_text]Gemeinsam mit Gesch\u00e4ftspartnern bieten wir eine Komplettl\u00f6sung vom Plan bis zur Entwicklung des Serienprodukts. Entwickler mit Erfahrung f\u00fcr die anspruchsvollsten europ\u00e4ischen EOM-Kunden. Multidisziplinarit\u00e4t von Entwicklungsteams unter Anleitung von APQP-Tools. In Zusammenarbeit mit externen Experten erzielen wir ein umfassendes Angebot: Entwicklung, Zuschneiden auf einem Cutter, Prototyp-N\u00e4hraum, [&hellip;]<\/p>\n","protected":false},"author":1,"featured_media":0,"parent":0,"menu_order":0,"comment_status":"closed","ping_status":"closed","template":"","meta":[],"aioseo_notices":[],"_links":{"self":[{"href":"https:\/\/moduli.si\/de\/wp-json\/wp\/v2\/pages\/3787"}],"collection":[{"href":"https:\/\/moduli.si\/de\/wp-json\/wp\/v2\/pages"}],"about":[{"href":"https:\/\/moduli.si\/de\/wp-json\/wp\/v2\/types\/page"}],"author":[{"embeddable":true,"href":"https:\/\/moduli.si\/de\/wp-json\/wp\/v2\/users\/1"}],"replies":[{"embeddable":true,"href":"https:\/\/moduli.si\/de\/wp-json\/wp\/v2\/comments?post=3787"}],"version-history":[{"count":7,"href":"https:\/\/moduli.si\/de\/wp-json\/wp\/v2\/pages\/3787\/revisions"}],"predecessor-version":[{"id":4628,"href":"https:\/\/moduli.si\/de\/wp-json\/wp\/v2\/pages\/3787\/revisions\/4628"}],"wp:attachment":[{"href":"https:\/\/moduli.si\/de\/wp-json\/wp\/v2\/media?parent=3787"}],"curies":[{"name":"wp","href":"https:\/\/api.w.org\/{rel}","templated":true}]}}