{"id":3805,"date":"2016-09-25T16:30:57","date_gmt":"2016-09-25T15:30:57","guid":{"rendered":"https:\/\/moduli.si\/izsekovanje-profilov\/"},"modified":"2024-03-20T13:03:21","modified_gmt":"2024-03-20T12:03:21","slug":"ausstanzen-von-profilen","status":"publish","type":"page","link":"https:\/\/moduli.si\/de\/ausstanzen-von-profilen\/","title":{"rendered":"Ausstanzen von Profilen"},"content":{"rendered":"<p>[vc_row full_width=&#8220;&#8220; parallax=&#8220;&#8220; parallax_image=&#8220;&#8220;][vc_column][block_title inner_style_title=&#8220;two_titles&#8220; title=&#8220;AUSSTANZEN VON PROFILEN&#8220; subtitle=&#8220;UNSERE DIENSTLEISTUNGEN&#8220;][\/block_title][\/vc_column][\/vc_row][vc_row full_width=&#8220;&#8220; parallax=&#8220;&#8220; parallax_image=&#8220;&#8220;][vc_column][vc_column_text]Zulieferer von Teilen, die komplexe L\u00f6sungen f\u00fcr VW-Fahrzeuge erfordern, Audi, Mercedes, Porsche, Seat, Skoda, Ford, BMW, Opel &#8230;<\/p>\n<ul>\n<li>F\u00fcr die Bed\u00fcrfnisse der Bemusterung, Vorserie oder 0-Serie sind wir ein wichtiger Zulieferer in der Automobilindustrie, denn mit der Innovationskraft und Qualit\u00e4t erf\u00fcllen wir in k\u00fcrzester Zeit die Anforderungen des Kunden.<\/li>\n<li>F\u00fcr die Bed\u00fcrfnisse von Serienprofilen sind wir in der Automobilindustrie als Zulieferer solcher anspruchsvollen Teile bekannt, die komplexe L\u00f6sungen ben\u00f6tigen. Das erm\u00f6glicht uns weitgehend manuelle Bedienung und wohl Automatisierung auf Gruppen, die dies erlauben.<\/li>\n<li>Der gr\u00f6\u00dfte Wettbewerbsvorteil ist die schnelle Anpassungsf\u00e4higkeit an die Marktanforderungen.<\/li>\n<li>Laserschneiden und Gravieren.<\/li>\n<\/ul>\n<p>[\/vc_column_text][\/vc_column][\/vc_row][vc_row full_width=&#8220;&#8220; parallax=&#8220;&#8220; parallax_image=&#8220;&#8220;][vc_column width=&#8220;1\/2&#8243;][vc_single_image image=&#8220;3799&#8243; img_size=&#8220;full&#8220;][vc_single_image image=&#8220;3807&#8243; img_size=&#8220;full&#8220;][\/vc_column][vc_column width=&#8220;1\/2&#8243;][vc_single_image image=&#8220;3808&#8243; img_size=&#8220;full&#8220;][\/vc_column][\/vc_row][vc_row type=&#8220;full_width_background&#8220; bg_color=&#8220;#f15f22&#8243; text_color=&#8220;light&#8220; top_padding=&#8220;30&#8243; bottom_padding=&#8220;30&#8243;][vc_column][textbar button_title=&#8220;KONTAKTIREN SIE UNS&#8220; button_link=&#8220;https:\/\/moduli.si\/de\/kontakte\/&#8220; icon=&#8220;moon-arrow-right-5&#8243; title=&#8220;Are you ready to be part of our 2000+ satisfied clients for only $55 ?&#8220;]Kompletter Service &#8211; vom Plan bis zum Produkt.[\/textbar][\/vc_column][\/vc_row]<\/p>\n","protected":false},"excerpt":{"rendered":"<p>[vc_row full_width=&#8220;&#8220; parallax=&#8220;&#8220; parallax_image=&#8220;&#8220;][vc_column][block_title inner_style_title=&#8220;two_titles&#8220; title=&#8220;AUSSTANZEN VON PROFILEN&#8220; subtitle=&#8220;UNSERE DIENSTLEISTUNGEN&#8220;][\/block_title][\/vc_column][\/vc_row][vc_row full_width=&#8220;&#8220; parallax=&#8220;&#8220; parallax_image=&#8220;&#8220;][vc_column][vc_column_text]Zulieferer von Teilen, die komplexe L\u00f6sungen f\u00fcr VW-Fahrzeuge erfordern, Audi, Mercedes, Porsche, Seat, Skoda, Ford, BMW, Opel &#8230; F\u00fcr die Bed\u00fcrfnisse der Bemusterung, Vorserie oder 0-Serie sind wir ein wichtiger Zulieferer in der Automobilindustrie, denn mit der Innovationskraft und Qualit\u00e4t erf\u00fcllen wir in [&hellip;]<\/p>\n","protected":false},"author":1,"featured_media":0,"parent":0,"menu_order":0,"comment_status":"closed","ping_status":"closed","template":"","meta":[],"aioseo_notices":[],"_links":{"self":[{"href":"https:\/\/moduli.si\/de\/wp-json\/wp\/v2\/pages\/3805"}],"collection":[{"href":"https:\/\/moduli.si\/de\/wp-json\/wp\/v2\/pages"}],"about":[{"href":"https:\/\/moduli.si\/de\/wp-json\/wp\/v2\/types\/page"}],"author":[{"embeddable":true,"href":"https:\/\/moduli.si\/de\/wp-json\/wp\/v2\/users\/1"}],"replies":[{"embeddable":true,"href":"https:\/\/moduli.si\/de\/wp-json\/wp\/v2\/comments?post=3805"}],"version-history":[{"count":6,"href":"https:\/\/moduli.si\/de\/wp-json\/wp\/v2\/pages\/3805\/revisions"}],"predecessor-version":[{"id":4627,"href":"https:\/\/moduli.si\/de\/wp-json\/wp\/v2\/pages\/3805\/revisions\/4627"}],"wp:attachment":[{"href":"https:\/\/moduli.si\/de\/wp-json\/wp\/v2\/media?parent=3805"}],"curies":[{"name":"wp","href":"https:\/\/api.w.org\/{rel}","templated":true}]}}