{"id":3850,"date":"2016-06-03T11:12:28","date_gmt":"2016-06-03T10:12:28","guid":{"rendered":"https:\/\/moduli.si\/krojenje\/"},"modified":"2019-10-23T12:13:19","modified_gmt":"2019-10-23T12:13:19","slug":"zuschneiden","status":"publish","type":"page","link":"https:\/\/moduli.si\/de\/zuschneiden\/","title":{"rendered":"Zuschneiden"},"content":{"rendered":"<p>[vc_row full_width=&#8220;&#8220; parallax=&#8220;&#8220; parallax_image=&#8220;&#8220;][vc_column][block_title inner_style_title=&#8220;two_titles&#8220; title=&#8220;ZUSCHNEIDEN&#8220; subtitle=&#8220;UNSERE DIENSTLEISTUNGEN&#8220;][\/block_title][\/vc_column][\/vc_row][vc_row full_width=&#8220;&#8220; parallax=&#8220;&#8220; parallax_image=&#8220;&#8220;][vc_column][vc_column_text]Der moderne Bullmer Cutter erreicht hohe Qualit\u00e4t vom Zuschneiden.<\/p>\n<ul>\n<li>Zuschneiden ist die erste technologische Operation, mit der sich der Stoff trifft. Der Cutter erm\u00f6glicht auch das Zuschneiden von Material mit gr\u00f6\u00dferen Abmessungen und St\u00e4rken und erzielt eine hohe Qualit\u00e4t und eine optimale Einstellung der Schnittgeschwindigkeit.<\/li>\n<li>Zum Zuschneiden von technischen Stoffen bieten wir Laserschneiden an<\/li>\n<\/ul>\n<p>Mit dem modernen Assyst Bullmer Cutter verf\u00fcgt das Unternehmen \u00fcber eine selbsst\u00e4ndige Linie f\u00fcrs Zuschneiden. Damit sind die Produktion und Zuschneiderei zu einer Zwei-Wege-Einheit verbunden, die die schnelle und einfache Erf\u00fcllung der Kundenw\u00fcnsche erm\u00f6glicht. Die Auswahl des Schneidematerials am Cutter ist gro\u00dfartig; von Kunst- und Echtleder, Alcantara \u00fcber Dinamice, Schaum und gef\u00fcttertem Material, technischen Textilien, Automobiltextilien bis hin zu Baumwolle und Polyester. Es ist auch m\u00f6glich, d\u00fcnne Materialien, Maschenware und Papier sowie Material mit gr\u00f6\u00dferen Abmessungen und St\u00e4rken zu schneiden, was ein besonderer Vorteil gegen\u00fcber konkurrierenden Unternehmen ist. Erzielt hohe Qualit\u00e4t und optimale Anpassung der Schneidegeschwindigkeit. Das Schneidmaterial ist in hohem Prozent ausgenutzt und praktisch abfallfrei. Wir bieten auch Laserschneiden f\u00fcr die individuelle Anpassung von kleineren Gr\u00f6\u00dfen an.[\/vc_column_text][\/vc_column][\/vc_row][vc_row full_width=&#8220;&#8220; parallax=&#8220;&#8220; parallax_image=&#8220;&#8220;][vc_column width=&#8220;1\/6&#8243;][\/vc_column][vc_column width=&#8220;2\/3&#8243;][vc_single_image image=&#8220;3858&#8243; img_size=&#8220;full&#8220; alignment=&#8220;center&#8220;][vc_single_image image=&#8220;3859&#8243; img_size=&#8220;full&#8220;][\/vc_column][vc_column width=&#8220;1\/6&#8243;][\/vc_column][\/vc_row][vc_row full_width=&#8220;&#8220; parallax=&#8220;&#8220; parallax_image=&#8220;&#8220;][vc_column width=&#8220;1\/2&#8243;][vc_single_image image=&#8220;3854&#8243; img_size=&#8220;full&#8220;][vc_single_image image=&#8220;3857&#8243; img_size=&#8220;full&#8220;][\/vc_column][vc_column width=&#8220;1\/2&#8243;][vc_single_image image=&#8220;3856&#8243; img_size=&#8220;full&#8220;][vc_single_image image=&#8220;3855&#8243; img_size=&#8220;full&#8220;][\/vc_column][\/vc_row][vc_row type=&#8220;full_width_background&#8220; bg_color=&#8220;#f15f22&#8243; text_color=&#8220;light&#8220; top_padding=&#8220;30&#8243; bottom_padding=&#8220;30&#8243;][vc_column][textbar button_title=&#8220;KONTAKTIREN SIE UNS&#8220; button_link=&#8220;https:\/\/moduli.si\/de\/kontakte\/&#8220; icon=&#8220;moon-arrow-right-5&#8243; title=&#8220;Are you ready to be part of our 2000+ satisfied clients for only $55 ?&#8220;]Kompletter Service &#8211; vom Plan bis zum Produkt.[\/textbar][\/vc_column][\/vc_row]<\/p>\n","protected":false},"excerpt":{"rendered":"<p>[vc_row full_width=&#8220;&#8220; parallax=&#8220;&#8220; parallax_image=&#8220;&#8220;][vc_column][block_title inner_style_title=&#8220;two_titles&#8220; title=&#8220;ZUSCHNEIDEN&#8220; subtitle=&#8220;UNSERE DIENSTLEISTUNGEN&#8220;][\/block_title][\/vc_column][\/vc_row][vc_row full_width=&#8220;&#8220; parallax=&#8220;&#8220; parallax_image=&#8220;&#8220;][vc_column][vc_column_text]Der moderne Bullmer Cutter erreicht hohe Qualit\u00e4t vom Zuschneiden. Zuschneiden ist die erste technologische Operation, mit der sich der Stoff trifft. Der Cutter erm\u00f6glicht auch das Zuschneiden von Material mit gr\u00f6\u00dferen Abmessungen und St\u00e4rken und erzielt eine hohe Qualit\u00e4t und eine optimale Einstellung der Schnittgeschwindigkeit. [&hellip;]<\/p>\n","protected":false},"author":1,"featured_media":0,"parent":0,"menu_order":0,"comment_status":"closed","ping_status":"closed","template":"","meta":[],"aioseo_notices":[],"_links":{"self":[{"href":"https:\/\/moduli.si\/de\/wp-json\/wp\/v2\/pages\/3850"}],"collection":[{"href":"https:\/\/moduli.si\/de\/wp-json\/wp\/v2\/pages"}],"about":[{"href":"https:\/\/moduli.si\/de\/wp-json\/wp\/v2\/types\/page"}],"author":[{"embeddable":true,"href":"https:\/\/moduli.si\/de\/wp-json\/wp\/v2\/users\/1"}],"replies":[{"embeddable":true,"href":"https:\/\/moduli.si\/de\/wp-json\/wp\/v2\/comments?post=3850"}],"version-history":[{"count":4,"href":"https:\/\/moduli.si\/de\/wp-json\/wp\/v2\/pages\/3850\/revisions"}],"predecessor-version":[{"id":3982,"href":"https:\/\/moduli.si\/de\/wp-json\/wp\/v2\/pages\/3850\/revisions\/3982"}],"wp:attachment":[{"href":"https:\/\/moduli.si\/de\/wp-json\/wp\/v2\/media?parent=3850"}],"curies":[{"name":"wp","href":"https:\/\/api.w.org\/{rel}","templated":true}]}}