{"id":3873,"date":"2019-04-16T08:40:51","date_gmt":"2019-04-16T08:40:51","guid":{"rendered":"https:\/\/moduli.si\/laser\/"},"modified":"2019-10-23T12:01:04","modified_gmt":"2019-10-23T12:01:04","slug":"laser","status":"publish","type":"page","link":"https:\/\/moduli.si\/de\/laser\/","title":{"rendered":"Laser"},"content":{"rendered":"<p>[vc_row][vc_column][vc_column_text]<\/p>\n<h5 style=\"text-align: center;\"><span style=\"color: #808080;\">U N S E R E D I E N S T L E I S T U N G E N<br \/>\n<\/span><\/h5>\n<h2 style=\"text-align: center;\"><strong>LASER<\/strong><\/h2>\n<p>Unser hochmoderner Robotermaschinenpark erm\u00f6glicht ein einfacheres, schnelleres und pr\u00e4ziseres Arbeiten und verleiht unseren Produkten h\u00f6chste Qualit\u00e4t.<\/p>\n<p>Laserbearbeitungsverfahren geh\u00f6ren zu den fortschrittlichsten Fertigungs- und Ausarbeitungsverfahren.<\/p>\n<p>Ihre Vorteile sind:<\/p>\n<ul>\n<li>Pr\u00e4zision<\/li>\n<li>Geschwindigkeit<\/li>\n<li>Qualit\u00e4t<\/li>\n<li>St\u00e4rke<\/li>\n<li>Nachhaltigkeit<\/li>\n<li>Vielzahl von Verarbeitungsmaterialien<\/li>\n<\/ul>\n<p>In unserer Produktion haben wir einen computergesteuerten Laserschneider und mit seiner Hilfe k\u00f6nnen wir verschiedene Arten von Materialien schneiden und gravieren. Mit dem Programm auf dem Computer k\u00f6nnen wir jede Skizze zeichnen, die dann vom Laser geschnitten und optional graviert wird. Mit unserem Laserschneider k\u00f6nnen wir verschiedene Materialien, verschiedene Gr\u00f6\u00dfen und St\u00e4rken schneiden<\/p>\n<p>Die Maschine wird f\u00fcr Serienzwecke eingesetzt, weil wir mit ihrer Hilfe auf schnelle und pr\u00e4zise Art und Weise solche Produkte beschaffen, die wir ben\u00f6tigen.[\/vc_column_text][vc_single_image image=&#8220;3876&#8243;][vc_single_image image=&#8220;3866&#8243;][\/vc_column][\/vc_row][vc_row][vc_column]<div role=\"form\" class=\"wpcf7\" id=\"wpcf7-f3941-o1\" lang=\"sl-SI\" dir=\"ltr\">\n<div class=\"screen-reader-response\"><p role=\"status\" aria-live=\"polite\" aria-atomic=\"true\"><\/p> <ul><\/ul><\/div>\n<form action=\"\/de\/wp-json\/wp\/v2\/pages\/3873#wpcf7-f3941-o1\" method=\"post\" class=\"wpcf7-form init\" novalidate=\"novalidate\" data-status=\"init\">\n<div style=\"display: none;\">\n<input type=\"hidden\" name=\"_wpcf7\" value=\"3941\" \/>\n<input type=\"hidden\" name=\"_wpcf7_version\" value=\"5.5.6.1\" \/>\n<input type=\"hidden\" name=\"_wpcf7_locale\" value=\"sl_SI\" \/>\n<input type=\"hidden\" name=\"_wpcf7_unit_tag\" value=\"wpcf7-f3941-o1\" \/>\n<input type=\"hidden\" name=\"_wpcf7_container_post\" value=\"0\" \/>\n<input type=\"hidden\" name=\"_wpcf7_posted_data_hash\" value=\"\" \/>\n<\/div>\n<p>Ihr Name (*)<br \/>\n    <span class=\"wpcf7-form-control-wrap your-name\"><input type=\"text\" name=\"your-name\" value=\"\" size=\"40\" class=\"wpcf7-form-control wpcf7-text wpcf7-validates-as-required\" aria-required=\"true\" aria-invalid=\"false\" \/><\/span> <\/p>\n<p>Ihre E-Mail Adresse (*)<br \/>\n    <span class=\"wpcf7-form-control-wrap your-email\"><input type=\"email\" name=\"your-email\" value=\"\" size=\"40\" class=\"wpcf7-form-control wpcf7-text wpcf7-email wpcf7-validates-as-required wpcf7-validates-as-email\" aria-required=\"true\" aria-invalid=\"false\" \/><\/span> <\/p>\n<p>Betreff<br \/>\n    <span class=\"wpcf7-form-control-wrap your-subject\"><input type=\"text\" name=\"your-subject\" value=\"\" size=\"40\" class=\"wpcf7-form-control wpcf7-text\" aria-invalid=\"false\" \/><\/span> <\/p>\n<p>Ihre Mitteilung (*)<br \/>\n    <span class=\"wpcf7-form-control-wrap your-message\"><textarea name=\"your-message\" cols=\"40\" rows=\"10\" class=\"wpcf7-form-control wpcf7-textarea wpcf7-validates-as-required\" aria-required=\"true\" aria-invalid=\"false\"><\/textarea><\/span> <\/p>\n<p><input type=\"submit\" value=\"SENDEN\" class=\"wpcf7-form-control has-spinner wpcf7-submit\" \/><\/p>\n<div class=\"wpcf7-response-output\" aria-hidden=\"true\"><\/div><\/form><\/div>[\/vc_column][\/vc_row]<\/p>\n","protected":false},"excerpt":{"rendered":"<p>[vc_row][vc_column][vc_column_text] U N S E R E D I E N S T L E I S T U N G E N LASER Unser hochmoderner Robotermaschinenpark erm\u00f6glicht ein einfacheres, schnelleres und pr\u00e4ziseres Arbeiten und verleiht unseren Produkten h\u00f6chste Qualit\u00e4t. Laserbearbeitungsverfahren geh\u00f6ren zu den fortschrittlichsten Fertigungs- und Ausarbeitungsverfahren. Ihre Vorteile sind: Pr\u00e4zision Geschwindigkeit Qualit\u00e4t St\u00e4rke [&hellip;]<\/p>\n","protected":false},"author":1,"featured_media":0,"parent":0,"menu_order":0,"comment_status":"closed","ping_status":"closed","template":"","meta":[],"aioseo_notices":[],"_links":{"self":[{"href":"https:\/\/moduli.si\/de\/wp-json\/wp\/v2\/pages\/3873"}],"collection":[{"href":"https:\/\/moduli.si\/de\/wp-json\/wp\/v2\/pages"}],"about":[{"href":"https:\/\/moduli.si\/de\/wp-json\/wp\/v2\/types\/page"}],"author":[{"embeddable":true,"href":"https:\/\/moduli.si\/de\/wp-json\/wp\/v2\/users\/1"}],"replies":[{"embeddable":true,"href":"https:\/\/moduli.si\/de\/wp-json\/wp\/v2\/comments?post=3873"}],"version-history":[{"count":6,"href":"https:\/\/moduli.si\/de\/wp-json\/wp\/v2\/pages\/3873\/revisions"}],"predecessor-version":[{"id":3946,"href":"https:\/\/moduli.si\/de\/wp-json\/wp\/v2\/pages\/3873\/revisions\/3946"}],"wp:attachment":[{"href":"https:\/\/moduli.si\/de\/wp-json\/wp\/v2\/media?parent=3873"}],"curies":[{"name":"wp","href":"https:\/\/api.w.org\/{rel}","templated":true}]}}