{"id":3895,"date":"2014-07-31T13:09:43","date_gmt":"2014-07-31T13:09:43","guid":{"rendered":"https:\/\/moduli.si\/o-podjetju\/"},"modified":"2024-03-20T13:13:49","modified_gmt":"2024-03-20T12:13:49","slug":"ueber-uns","status":"publish","type":"page","link":"https:\/\/moduli.si\/de\/ueber-uns\/","title":{"rendered":"\u00dcber uns"},"content":{"rendered":"<p>[vc_row][vc_column][block_title inner_style_title=&#8220;only_text&#8220; title=&#8220;FAKTEN \u00dcBER DAS UNTERNEHMEN&#8220;][\/block_title][vc_column_text]Das Unternehmen Moduli SG GmbH wurde im Jahr 2000 als Unternehmen f\u00fcr die Herstellung von Innenraumgestaltung f\u00fcr die Automobilindustrie gegr\u00fcndet. Es befindet sich im Norden Sloweniens, wobei die N\u00e4he der Grenze mit \u00d6sterreich einen Wettbewerbsvorteil bedeutet und nicht zuletzt auch einen wichtigen Transportweg f\u00fcr die Kunden im Ausland darstellt.<\/p>\n<p>Im Produktions- und Dienstleistungsunternehmen arbeitet eine Gruppe von Experten, die wettbewerbsf\u00e4hige und qualitativ hochwertige Produkte entwickelt und produziert. Die Herstellung von neuen, verbesserten Produkten ist unser Interesse und der Schl\u00fcssel f\u00fcr gute Beziehung mit Kunden, denn hohe Qualit\u00e4t spiegelt sich in der Zufriedenheit aller Beteiligten wider.[\/vc_column_text][\/vc_column][\/vc_row][vc_row][vc_column width=&#8220;1\/3&#8243;][block_title style=&#8220;column_title&#8220; title=&#8220;VISITENKARTE DES UNTERNEHMENS&#8220;][\/block_title][vc_column_text]<\/p>\n<table style=\"height: 334px;\" width=\"100%\">\n<tbody valign=\"top\">\n<tr>\n<td><strong>Name des Unternehmens:<\/strong><\/td>\n<td>MODULI SG,<br \/>\navtomobilski sklopi, d.o.o.<\/td>\n<\/tr>\n<tr>\n<td><strong>Firma:<\/strong><\/td>\n<td>MODULI SG d.o.o.<\/td>\n<\/tr>\n<tr>\n<td><strong>Adresse:<\/strong><\/td>\n<td>Kidri\u010deva 6, 2380 Slovenj Gradec<\/td>\n<\/tr>\n<tr>\n<td><strong>Rechtsstatus:<\/strong><\/td>\n<td>Gesellschaft mit beschr\u00e4nkter Haftung<\/td>\n<\/tr>\n<tr>\n<td><strong>Gesch\u00e4ftst\u00e4tigkeit:<\/strong><\/td>\n<td>\u00a0\/<\/td>\n<\/tr>\n<tr>\n<td><strong>Steuernummer:<\/strong><\/td>\n<td>SI 73761524<\/td>\n<\/tr>\n<tr>\n<td><strong>Gr\u00fcndungsdatum:<\/strong><\/td>\n<td>23.12.1999<\/td>\n<\/tr>\n<tr>\n<td><strong>Einnahmen (2023):<\/strong><\/td>\n<td>1,65 mio \u20ac<\/td>\n<\/tr>\n<tr>\n<td><strong>Mitarbeiter (2023):<\/strong><\/td>\n<td>27 (4 re\u017eija, 23 proizvodnja)<\/td>\n<\/tr>\n<tr>\n<td><strong>E \u2013Mail:<\/strong><\/td>\n<td><a href=\"mailto:info@moduli.si\">info@moduli.si<\/a><\/td>\n<\/tr>\n<tr>\n<td><strong>Website:<\/strong><\/p>\n<p><strong>Facebook:\u00a0<\/strong><\/p>\n<p><strong>Instagram:<\/strong><\/td>\n<td><a href=\"http:\/\/www.modulisg.si\/\">https:\/\/moduli.si<\/a><\/p>\n<p><a href=\"https:\/\/www.facebook.com\/ModuliSGd.o.o\/\">https:\/\/www.facebook.com\/ModuliSGd.o.o\/<\/a><\/p>\n<p><a href=\"https:\/\/www.instagram.com\/modulisg\/\">https:\/\/www.instagram.com\/modulisg\/<\/a><\/td>\n<\/tr>\n<\/tbody>\n<\/table>\n<p>[\/vc_column_text][block_title style=&#8220;column_title&#8220; title=&#8220;KONTAKTE&#8220;][\/block_title][vc_column_text][\/vc_column_text][vc_column_text]<strong>Tel. Kauf GE Ausstanzen, GE Spritzguss:<br \/>\n<\/strong>\u00a0059 726 992<\/p>\n<p><strong>Tel. Verkauf GE N\u00e4hen:<\/strong><br \/>\n059 726 993<\/p>\n<p>[\/vc_column_text][\/vc_column][vc_column width=&#8220;2\/3&#8243;][block_title style=&#8220;column_title&#8220; title=&#8220;GESCHICHTE DES UNTERNEHMENS&#8220;][\/block_title][faq style=&#8220;style_2&#8243;][\/vc_column][\/vc_row][vc_row type=&#8220;full_width_background&#8220; bg_color=&#8220;#f6f6f6&#8243;][vc_column width=&#8220;1\/3&#8243;][services_small title=&#8220;SCHL\u00dcSSEL ZUM ERFOLG&#8220; icon=&#8220;moon-arrow-right-2&#8243; dynamic_content_type=&#8220;content&#8220;]Wir sind eine Expertengruppe im Produktions- und Dienstleistungsunternehmen. Wir stellen wettbewerbsf\u00e4hige und qualitativ hochwertige Produkte her, was sich in der Zufriedenheit unserer Kunden und Eigent\u00fcmer widerspiegelt. Die Produktion neuer, besserer Produkte ist unser Interesse und der Schl\u00fcssel zur Kundenbindung.[\/services_small][\/vc_column][vc_column width=&#8220;1\/3&#8243;][services_small title=&#8220;VISION&#8220; icon=&#8220;moon-arrow-right-2&#8243; dynamic_content_type=&#8220;content&#8220;]Mit unserer Qualit\u00e4t und Professionalit\u00e4t wollen wir weiterhin ein vertrauensw\u00fcrdiges Unternehmen bleiben, das zusammen mit Innovation und der Suche nach neuen L\u00f6sungen ein sehr wettbewerbsf\u00e4higes Unternehmen darstellt.[\/services_small][\/vc_column][vc_column width=&#8220;1\/3&#8243;][services_small title=&#8220;MISSION&#8220; icon=&#8220;moon-arrow-right-2&#8243; dynamic_content_type=&#8220;content&#8220;]Wir sind ein produktives, marktorientiertes, innovatives und wirtschaftlich erfolgreiches Unternehmen, das mit seiner umfassenden Produktpalette, seinen Qualit\u00e4tsprodukten sowie seiner schnellen Reaktionsf\u00e4higkeit und Flexibilit\u00e4t die Erwartungen von Kunden, Mitarbeitern, Eigent\u00fcmern und der Umwelt erf\u00fcllen kann.[\/services_small][\/vc_column][\/vc_row]<\/p>\n","protected":false},"excerpt":{"rendered":"<p>[vc_row][vc_column][block_title inner_style_title=&#8220;only_text&#8220; title=&#8220;FAKTEN \u00dcBER DAS UNTERNEHMEN&#8220;][\/block_title][vc_column_text]Das Unternehmen Moduli SG GmbH wurde im Jahr 2000 als Unternehmen f\u00fcr die Herstellung von Innenraumgestaltung f\u00fcr die Automobilindustrie gegr\u00fcndet. Es befindet sich im Norden Sloweniens, wobei die N\u00e4he der Grenze mit \u00d6sterreich einen Wettbewerbsvorteil bedeutet und nicht zuletzt auch einen wichtigen Transportweg f\u00fcr die Kunden im Ausland darstellt. Im [&hellip;]<\/p>\n","protected":false},"author":1,"featured_media":0,"parent":0,"menu_order":31,"comment_status":"closed","ping_status":"closed","template":"","meta":[],"aioseo_notices":[],"_links":{"self":[{"href":"https:\/\/moduli.si\/de\/wp-json\/wp\/v2\/pages\/3895"}],"collection":[{"href":"https:\/\/moduli.si\/de\/wp-json\/wp\/v2\/pages"}],"about":[{"href":"https:\/\/moduli.si\/de\/wp-json\/wp\/v2\/types\/page"}],"author":[{"embeddable":true,"href":"https:\/\/moduli.si\/de\/wp-json\/wp\/v2\/users\/1"}],"replies":[{"embeddable":true,"href":"https:\/\/moduli.si\/de\/wp-json\/wp\/v2\/comments?post=3895"}],"version-history":[{"count":8,"href":"https:\/\/moduli.si\/de\/wp-json\/wp\/v2\/pages\/3895\/revisions"}],"predecessor-version":[{"id":4639,"href":"https:\/\/moduli.si\/de\/wp-json\/wp\/v2\/pages\/3895\/revisions\/4639"}],"wp:attachment":[{"href":"https:\/\/moduli.si\/de\/wp-json\/wp\/v2\/media?parent=3895"}],"curies":[{"name":"wp","href":"https:\/\/api.w.org\/{rel}","templated":true}]}}