{"id":3966,"date":"2016-09-25T23:25:22","date_gmt":"2016-09-25T23:25:22","guid":{"rendered":"https:\/\/moduli.si\/ostale-storitve\/"},"modified":"2019-10-23T12:19:17","modified_gmt":"2019-10-23T12:19:17","slug":"andere-dienstleistungen","status":"publish","type":"page","link":"https:\/\/moduli.si\/de\/andere-dienstleistungen\/","title":{"rendered":"Andere Dienstleistungen"},"content":{"rendered":"<p>[vc_row full_width=&#8220;&#8220; parallax=&#8220;&#8220; parallax_image=&#8220;&#8220;][vc_column][block_title inner_style_title=&#8220;two_titles&#8220; title=&#8220;ANDERE DIENSTLEISTUNGEN&#8220; subtitle=&#8220;UNSERE DIENSTLEISTUNGEN&#8220;][\/block_title][\/vc_column][\/vc_row][vc_row full_width=&#8220;&#8220; parallax=&#8220;&#8220; parallax_image=&#8220;&#8220;][vc_column][vc_column_text]F\u00fcr uns ist nichts unm\u00f6glich.<\/p>\n<p>In \u00dcbereinstimmung mit unserer Vision, Mission und unseren Werten streben wir danach, ein vertrauensw\u00fcrdiges Unternehmen zu bleiben, das mit seinem umfassenden Angebot, Qualit\u00e4tsprodukten sowie seiner schnellen Reaktionsf\u00e4higkeit und Flexibilit\u00e4t die Erwartungen der Kunden erf\u00fcllen kann. Unsere innovativen L\u00f6sungen bieten gr\u00f6\u00dferen Unternehmen eine hervorragende Marketingunterst\u00fctzung an, da wir mit der Herstellung von Werbew\u00e4nden, Ausstellungstafeln, Farbkarten, Zubeh\u00f6r &#8230; ihr Verkaufsprogramm zu einem perfekten Ganzen abschlie\u00dfen.<\/p>\n<p>Aus diesem Grund sind unsere Dienstleistungen ganz individuell und auf Ihre W\u00fcnsche zugeschnitten. Schicken Sie uns eine Nachfrage und sie wird schnellst m\u00f6glich beantwortet.[\/vc_column_text][\/vc_column][\/vc_row][vc_row full_width=&#8220;&#8220; parallax=&#8220;&#8220; parallax_image=&#8220;&#8220;][vc_column width=&#8220;1\/2&#8243;][vc_single_image image=&#8220;3968&#8243; img_size=&#8220;full&#8220;][\/vc_column][vc_column width=&#8220;1\/2&#8243;][vc_single_image image=&#8220;3885&#8243; img_size=&#8220;full&#8220;][\/vc_column][\/vc_row][vc_row type=&#8220;full_width_background&#8220; bg_color=&#8220;#f15f22&#8243; text_color=&#8220;light&#8220; top_padding=&#8220;30&#8243; bottom_padding=&#8220;30&#8243;][vc_column][textbar button_title=&#8220;KONTAKTIREN SIE UNS&#8220; button_link=&#8220;https:\/\/moduli.si\/de\/kontakte\/&#8220; icon=&#8220;moon-arrow-right-5&#8243; title=&#8220;Are you ready to be part of our 2000+ satisfied clients for only $55 ?&#8220;]Kompletter Service &#8211; vom Plan bis zum Produkt.[\/textbar][\/vc_column][\/vc_row]<\/p>\n","protected":false},"excerpt":{"rendered":"<p>[vc_row full_width=&#8220;&#8220; parallax=&#8220;&#8220; parallax_image=&#8220;&#8220;][vc_column][block_title inner_style_title=&#8220;two_titles&#8220; title=&#8220;ANDERE DIENSTLEISTUNGEN&#8220; subtitle=&#8220;UNSERE DIENSTLEISTUNGEN&#8220;][\/block_title][\/vc_column][\/vc_row][vc_row full_width=&#8220;&#8220; parallax=&#8220;&#8220; parallax_image=&#8220;&#8220;][vc_column][vc_column_text]F\u00fcr uns ist nichts unm\u00f6glich. In \u00dcbereinstimmung mit unserer Vision, Mission und unseren Werten streben wir danach, ein vertrauensw\u00fcrdiges Unternehmen zu bleiben, das mit seinem umfassenden Angebot, Qualit\u00e4tsprodukten sowie seiner schnellen Reaktionsf\u00e4higkeit und Flexibilit\u00e4t die Erwartungen der Kunden erf\u00fcllen kann. Unsere innovativen L\u00f6sungen bieten [&hellip;]<\/p>\n","protected":false},"author":1,"featured_media":0,"parent":0,"menu_order":0,"comment_status":"open","ping_status":"open","template":"","meta":[],"aioseo_notices":[],"_links":{"self":[{"href":"https:\/\/moduli.si\/de\/wp-json\/wp\/v2\/pages\/3966"}],"collection":[{"href":"https:\/\/moduli.si\/de\/wp-json\/wp\/v2\/pages"}],"about":[{"href":"https:\/\/moduli.si\/de\/wp-json\/wp\/v2\/types\/page"}],"author":[{"embeddable":true,"href":"https:\/\/moduli.si\/de\/wp-json\/wp\/v2\/users\/1"}],"replies":[{"embeddable":true,"href":"https:\/\/moduli.si\/de\/wp-json\/wp\/v2\/comments?post=3966"}],"version-history":[{"count":4,"href":"https:\/\/moduli.si\/de\/wp-json\/wp\/v2\/pages\/3966\/revisions"}],"predecessor-version":[{"id":3971,"href":"https:\/\/moduli.si\/de\/wp-json\/wp\/v2\/pages\/3966\/revisions\/3971"}],"wp:attachment":[{"href":"https:\/\/moduli.si\/de\/wp-json\/wp\/v2\/media?parent=3966"}],"curies":[{"name":"wp","href":"https:\/\/api.w.org\/{rel}","templated":true}]}}