{"id":2540,"date":"2016-07-04T13:42:19","date_gmt":"2016-07-04T12:42:19","guid":{"rendered":"http:\/\/moduli.si\/trgovina\/?page_id=2540"},"modified":"2025-10-07T09:58:39","modified_gmt":"2025-10-07T07:58:39","slug":"splosni-pogoji-poslovanja","status":"publish","type":"page","link":"https:\/\/moduli.si\/trgovina\/splosni-pogoji-poslovanja\/","title":{"rendered":"Splo\u0161ni pogoji poslovanja"},"content":{"rendered":"<h2><\/h2>\n<h2>Postopek naro\u010danja<\/h2>\n<p>V na\u0161i spletni trgovini lahko izbirate med razli\u010dnimi izdelki, ki so razdeljeni tudi po kategorijah (copati, prevleke, predpra\u017eniki, &#8230; ). Ob nakupu posameznega izdelka, je poleg fotografije izdelka tudi podroben opis. V kolikor ima izdelek mo\u017enosti personalizacije, je pri naro\u010dilu tudi okvir\u010dek, kamor lahko kupec zapi\u0161e \u017eeljeno ime. Pri izdelkih kjer je potrebno izbrati velikost, je mo\u017enost izbire le te. Potem te s klikom na gumb &#8221;DODAJ V KO\u0160ARICO&#8221; odpelje v ko\u0161arico, kjer so zbrani vsi izdelki, ki jih je kupec dodal v ko\u0161arico. Tam se izpi\u0161e tudi cena vsakega izdelka, cena dostave, kot tudi skupna kon\u010dna cena. S klikom &#8221;Nadaljuj na blagajno&#8221; se odpre stran kjer je potrebno vnesti podatke pla\u010dnika kot tudi podatke za dostavo ( v kolikor se to med seboj razlikuje ). Ob koncu strani pa se izbere tudi pla\u010dilo. Na voljo imamo pla\u010dilo po povzetju ( pri katerem ne nastajajo nobeni dodatni stro\u0161ki!) in pla\u010dilo z nakazilom na transakcijski ra\u010dun. V kolikor se kupec odlo\u010di za pla\u010dilo z nakazilom na TRR, od nas prejme ra\u010dun za opravljen nakup in takrat se izvede nakazilo. Ob zaklju\u010dku naro\u010dila vsak kupec prejme e-mail o potrditvi naro\u010dila.<\/p>\n<h2>Varovanje osebnih podatkov<\/h2>\n<p>Zavedamo se, da je zasebnost obiskovalcev na\u0161e spletne trgovine zelo pomembna. Zato vam zagotavljamo <strong>100% varstvo in za\u0161\u010dito va\u0161ih osebnih podatkov po Zakonu o varstvu osebnih podatkov<\/strong>.<\/p>\n<p>Vse osebne podatke bomo hranili v tajnosti in jih ne bomo posredovali nikomur brez va\u0161ega predhodnega privoljenja. Dostavni slu\u017ebi bomo zaupali le va\u0161 <strong>naslov za dostavo in telefonsko \u0161tevilko.<\/strong><\/p>\n<p>S sklenitvijo pogodbe o nakupu sogla\u0161ate, da va\u0161e podatke shranimo in uporabljamo za namene internega arhiva in statistike ter komunikacije za potrebe izvedbe naro\u010dila.<\/p>\n<p>Za potrebe zagotavljanja varnosti se zbirajo tudi <strong>IP naslovi<\/strong> iz katerih uporabniki dostopajo do spletne trgovine. Vsakemu uporabniku je ob za\u010detku obiska dodeljen <strong>sejni pi\u0161kotek<\/strong> za identifikacijo in spremljanje nakupovalnega vozi\u010dka.<\/p>\n<p>Registrirani uporabnik je za varovanje osebnih podatkov odgovoren tudi sam in sicer tako, da poskrbi za varnost svojega uporabni\u0161kega imena in gesla.<\/p>\n<h2 id=\"zamenjava-blaga\">Odveza odgovornosti<\/h2>\n<p>Ponudnik se po svojih najbolj\u0161ih mo\u010deh trudi zagotoviti a\u017eurnost in pravilnost podatkov, ki so objavljeni v spletni trgovini. Kljub temu, pa se lahko lastnosti izdelkov, rok dobave ali cena spremenijo tako hitro, da ponudnik ne uspe popraviti podatkov v spletni trgovini. V takem primeru, bo ponudnik kupca obvestil o spremembah in mu omogo\u010dil odstop od naro\u010dila ali zamenjavo naro\u010denega artikla.<\/p>\n<p>Pridr\u017eujemo si pravico, da izjemoma (delno) odstopimo od izvedbe naro\u010dila v primerih, \u010de naro\u010deni izdelki niso ve\u010d dobavljivi, \u010de ugotovimo pove\u010dano pla\u010dilno rizi\u010dnost kupca, \u010de naro\u010dilnica ni bila izpolnjena v skladu s splo\u0161nimi pogoji ali \u010de je pri\u0161lo do o\u010ditne napake v ceniku. V vseh takih in podobnih primerih vas bomo o morebitnem odstopu od pogodbe z na\u0161e strani takoj obvestili.<\/p>\n<p>Posamezni naro\u010den izdelek se prilagodi zahtevam naro\u010dnika ( barva, napisi, velikost ).<\/p>\n<h2>Prito\u017ebe in spori<\/h2>\n<p>Ponudnik spo\u0161tuje veljavno zakonodajo o varstvu potro\u0161nikov. Ponudnik se po vseh mo\u010deh trudi izpolnjevati svojo dol\u017enost vzpostaviti u\u010dinkovit sistem obravnavanja prito\u017eb in dolo\u010diti osebo, s katero se, v primeru te\u017eav, kupec lahko pove\u017ee telefonsko ali po elektronski po\u0161ti. Prito\u017eba se odda prek e-po\u0161tnega naslova <a href=\"mailto:info@moduli.si\">info@moduli.si<\/a>. Postopek obravnave prito\u017ebe je zaupen.<\/p>\n<p>Ponudnik bo v petih delovnih dneh potrdil, da je prejel prito\u017ebo, sporo\u010dil kupcu, kako dolgo jo bo obravnaval in ga vseskozi obve\u0161\u010dal o poteku postopka.<\/p>\n<p>Ponudnik se zaveda, da je bistvena zna\u010dilnost potro\u0161ni\u0161kega spora, vsaj kar zadeva sodno re\u0161evanje, njegova nesorazmernost med ekonomsko vrednostjo zahtevka in stro\u0161ki, ki nastanejo pri re\u0161evanju samega spora. To je tudi glavna ovira, da potro\u0161nik ne spro\u017ei spora pred sodi\u0161\u010dem. Zato se ponudnik prizadeva po svojih najbolj\u0161ih mo\u010deh, da se morebitni spori re\u0161ijo sporazumno.<\/p>\n<h2>Izvensodno re\u0161evanje potro\u0161ni\u0161kih sporov<\/h2>\n<p>Skladno z zakonskimi normativi MODULI SG d.o.o., ne priznava nikakr\u0161nega izvajalca izvensodnega re\u0161evanja potro\u0161ni\u0161kih sporov kot pristojnega za re\u0161evanje potro\u0161ni\u0161kega spora, ki bi ga potro\u0161nik lahko spro\u017eil v skladu z Zakonom o izvensodnem re\u0161evanju potro\u0161ni\u0161kih sporov.<\/p>\n<p>MODULI SG d.o.o., ki kot ponudnik blaga in storitev omogo\u010da spletno trgovino na obmo\u010dju RS, na svoji spletni strani objavlja elektronsko povezavo na platformo za spletno re\u0161evanje potro\u0161ni\u0161kih sporov (SRPS). Platforma je na voljo potro\u0161nikom <a href=\"https:\/\/webgate.ec.europa.eu\/odr\/main\/index.cfm?event=main.home.show&amp;lng=SL\">tukaj<\/a>.\u00a0<a href=\"https:\/\/webgate.ec.europa.eu\/odr\/main\/index.cfm?event=main.home.show&amp;lng=SL\">https:\/\/webgate.ec.europa.eu\/odr\/main\/index.cfm?event=main.home.show&amp;lng=SL<\/a><\/p>\n<p>Navedena ureditev izhaja iz Zakona o izvensodnem re\u0161evanju potro\u0161ni\u0161kih sporov, Uredbe (EU) \u0161t. 524\/2013 Evropskega parlamenta in Sveta o spletnem re\u0161evanju potro\u0161ni\u0161kih sporov ter spremembi Uredbe (ES) \u0161t. 2016\/2004 in Direktive 2009\/22\/ES.<\/p>\n<h3 class=\"p1\"><span class=\"s1\"><strong>OBVEZNO JAMSTVO ZA SKLADNOST BLAGA<\/strong><\/span><\/h3>\n<p class=\"p1\"><span class=\"s1\">Prodajalec odgovarja za vsako neskladnost blaga, ki obstaja ob dobavi blaga in ki se poka\u017ee v dveh letih od dobave blaga.<\/span><\/p>\n<p class=\"p1\"><span class=\"s1\">V kolikor gre za neskladnost blaga (po 72., 73. \u010dlenu ZVPot-1), mora potro\u0161nik obvestiti podjetje<\/span><\/p>\n<p class=\"p1\"><span class=\"s1\">\u2013 prodajalca v roku dveh mesecev od ugotovitve neskladnosti in v roku dveh let od nakupa <\/span><span style=\"font-size: revert;\">blaga. Potro\u0161nik neskladnost natan\u010dno opi\u0161e. Obvestilo o neskladnosti lahko potro\u0161nik poda pri prodajalcu osebno, pri \u010demer prodajalec izda potrdilo, ali ga po\u0161lje v prodajalno, kjer je bilo <\/span><span style=\"font-size: revert;\">blago kupljeno. Potro\u0161nik prodajalcu omogo\u010di, da blago pregleda.<\/span><\/p>\n<p class=\"p1\"><span class=\"s1\">Potro\u0161nik od prodajalca pisno zahteva brezpla\u010dno vzpostavitev skladnosti v roku 30 dni, rok se lahko podalj\u0161a za najve\u010d 15 dni, pri \u010demer mora prodajalec o podalj\u0161anju roka obvestiti potro\u0161nika pred potekom 30 dnevnega roka.<\/span><\/p>\n<p class=\"p1\"><span class=\"s1\">V primeru neskladnosti blaga je potro\u0161nik, ki je o neskladnosti blaga obvestil prodajalca, pod <\/span><span style=\"font-size: revert;\">pogoji in v vrstnem redu iz tega odseka, upravi\u010den da: 1. zahteva od prodajalca brezpla\u010dno vzpostavitev skladnosti blaga; 2. zahteva zni\u017eanje kupnine v sorazmerju z neskladnostjo ali odstopi od prodajne pogodbe in zahteva vra\u010dilo pla\u010danega zneska.<\/span><\/p>\n<h2>\nOpozorila<\/h2>\n<p>S potrditvijo naro\u010dila potrjujete, da ste seznanjeni s celotnim besedilom splo\u0161nih pogojev poslovanja, ki so tu navedeni in da ste bili na te pogoje ob nakupu izrecno opozorjeni.<\/p>\n<p>21.7.2025 , Slovenj Gradec<\/p>\n","protected":false},"excerpt":{"rendered":"<p>Postopek naro\u010danja V na\u0161i spletni trgovini lahko izbirate med razli\u010dnimi izdelki, ki so razdeljeni tudi po kategorijah (copati, prevleke, predpra\u017eniki, &#8230; ). Ob nakupu posameznega izdelka, je poleg fotografije izdelka tudi podroben opis. V kolikor ima izdelek mo\u017enosti personalizacije, je pri naro\u010dilu tudi okvir\u010dek, kamor lahko kupec zapi\u0161e \u017eeljeno ime. Pri izdelkih kjer je potrebno &hellip; <\/p>\n","protected":false},"author":1,"featured_media":0,"parent":0,"menu_order":0,"comment_status":"closed","ping_status":"closed","template":"","meta":{"_acf_changed":false,"footnotes":""},"class_list":["post-2540","page","type-page","status-publish","hentry"],"acf":[],"jetpack_sharing_enabled":true,"_links":{"self":[{"href":"https:\/\/moduli.si\/trgovina\/wp-json\/wp\/v2\/pages\/2540","targetHints":{"allow":["GET"]}}],"collection":[{"href":"https:\/\/moduli.si\/trgovina\/wp-json\/wp\/v2\/pages"}],"about":[{"href":"https:\/\/moduli.si\/trgovina\/wp-json\/wp\/v2\/types\/page"}],"author":[{"embeddable":true,"href":"https:\/\/moduli.si\/trgovina\/wp-json\/wp\/v2\/users\/1"}],"replies":[{"embeddable":true,"href":"https:\/\/moduli.si\/trgovina\/wp-json\/wp\/v2\/comments?post=2540"}],"version-history":[{"count":19,"href":"https:\/\/moduli.si\/trgovina\/wp-json\/wp\/v2\/pages\/2540\/revisions"}],"predecessor-version":[{"id":4256,"href":"https:\/\/moduli.si\/trgovina\/wp-json\/wp\/v2\/pages\/2540\/revisions\/4256"}],"wp:attachment":[{"href":"https:\/\/moduli.si\/trgovina\/wp-json\/wp\/v2\/media?parent=2540"}],"curies":[{"name":"wp","href":"https:\/\/api.w.org\/{rel}","templated":true}]}}