{"id":2543,"date":"2016-07-04T13:44:09","date_gmt":"2016-07-04T11:44:09","guid":{"rendered":"http:\/\/moduli.si\/trgovina\/?page_id=2543"},"modified":"2025-07-21T11:56:58","modified_gmt":"2025-07-21T09:56:58","slug":"o-ponudniku","status":"publish","type":"page","link":"https:\/\/moduli.si\/trgovina\/o-ponudniku\/","title":{"rendered":"O ponudniku"},"content":{"rendered":"\n<p>Splo\u0161ni pogoji spletne trgovine\u00a0<strong>MODULI SG\u00a0<\/strong>so sestavljeni v skladu z Zakonom o varstvu potro\u0161nikov (ZVPot-1), na podlagi priporo\u010dil GZS in Zakonu o elektronskem poslovanju na trgu (ZEPT) . Splo\u0161ni pogoji poslovanja obravnavajo delovanje spletne trgovine, pravice uporabnika ter poslovni odnos med ponudnikom in kupcem.<\/p>\n\n\n\n<p>Spletno prodajo\u00a0<strong>MODULI SG\u00a0<\/strong>izvaja podjetje MODULI SG d.o.o., Kidri\u010deva ulica 6, 2380 Slovenj Gradec,\u00a0<a href=\"mailto:info@moduli.si\">info@moduli.si<\/a>\u00a0(v nadaljevanju ponudnik). Podjetje je vpisano v register pri Okro\u017enem sodi\u0161\u010du v Slovenj Gradcu, mati\u010dna \u0161tevilka 1491130000. Podjetje je zavezano za pla\u010dilo DDV (ID \u0161t. za DDV: SI73761524). Datum vpisa v poslovni register 27.3.2000.<\/p>\n\n\n\n<p>Podjetje MODULI SG d.o.o.&nbsp;posluje v skladu z&nbsp;<a href=\"http:\/\/www.mg.gov.si\/index.php?id=11486\" target=\"_blank\" rel=\"noreferrer noopener\">Zakonom o elektronskem poslovanju na trgu (ZEPT)<\/a>&nbsp;in na njegovi podlagi sprejetimi predpisi.<\/p>\n","protected":false},"excerpt":{"rendered":"<p>Splo\u0161ni pogoji spletne trgovine\u00a0MODULI SG\u00a0so sestavljeni v skladu z Zakonom o varstvu potro\u0161nikov (ZVPot-1), na podlagi priporo\u010dil GZS in Zakonu o elektronskem poslovanju na trgu (ZEPT) . Splo\u0161ni pogoji poslovanja obravnavajo delovanje spletne trgovine, pravice uporabnika ter poslovni odnos med ponudnikom in kupcem. Spletno prodajo\u00a0MODULI SG\u00a0izvaja podjetje MODULI SG d.o.o., Kidri\u010deva ulica 6, 2380 Slovenj &hellip; <\/p>\n","protected":false},"author":1,"featured_media":0,"parent":0,"menu_order":0,"comment_status":"closed","ping_status":"closed","template":"","meta":{"_acf_changed":false,"footnotes":""},"class_list":["post-2543","page","type-page","status-publish","hentry"],"acf":[],"jetpack_sharing_enabled":true,"_links":{"self":[{"href":"https:\/\/moduli.si\/trgovina\/wp-json\/wp\/v2\/pages\/2543","targetHints":{"allow":["GET"]}}],"collection":[{"href":"https:\/\/moduli.si\/trgovina\/wp-json\/wp\/v2\/pages"}],"about":[{"href":"https:\/\/moduli.si\/trgovina\/wp-json\/wp\/v2\/types\/page"}],"author":[{"embeddable":true,"href":"https:\/\/moduli.si\/trgovina\/wp-json\/wp\/v2\/users\/1"}],"replies":[{"embeddable":true,"href":"https:\/\/moduli.si\/trgovina\/wp-json\/wp\/v2\/comments?post=2543"}],"version-history":[{"count":3,"href":"https:\/\/moduli.si\/trgovina\/wp-json\/wp\/v2\/pages\/2543\/revisions"}],"predecessor-version":[{"id":4217,"href":"https:\/\/moduli.si\/trgovina\/wp-json\/wp\/v2\/pages\/2543\/revisions\/4217"}],"wp:attachment":[{"href":"https:\/\/moduli.si\/trgovina\/wp-json\/wp\/v2\/media?parent=2543"}],"curies":[{"name":"wp","href":"https:\/\/api.w.org\/{rel}","templated":true}]}}