{"id":2547,"date":"2016-07-04T13:44:45","date_gmt":"2016-07-04T12:44:45","guid":{"rendered":"http:\/\/moduli.si\/trgovina\/?page_id=2547"},"modified":"2025-09-30T21:01:21","modified_gmt":"2025-09-30T19:01:21","slug":"nacini-placila","status":"publish","type":"page","link":"https:\/\/moduli.si\/trgovina\/nacini-placila\/","title":{"rendered":"Na\u010dini pla\u010dila in cene"},"content":{"rendered":"\n<p>Ponudnik omogo\u010da izklju\u010dno naslednje na\u010dine pla\u010dila:<\/p>\n\n\n\n<p>\u2013 pla\u010dilo po povzetju,<br>\u2013 pla\u010dilo po predra\u010dunu<\/p>\n\n\n\n<p>Na\u010din pla\u010dila kupec izbere pri izvedbi naro\u010dila.<\/p>\n\n\n\n<p>Kupoprodajna pogodba (ra\u010dun) se sklepa samo v slovenskem jeziku. Shranjena je na sede\u017eu ponudnika in je kupcu dostopna vsak delovni dan med 10. in 15. uro. <\/p>\n\n\n\n<p>Po zaklju\u010dku naro\u010dila na spletni trgovini, kupec prejme ra\u010dun preko e-mail naslova. <\/p>\n\n\n\n<p><\/p>\n\n\n\n<p><strong>CENE<\/strong><\/p>\n\n\n\n<p>Vse cene so v evrih (EUR) in \u017ee vsebujejo DDV (9,5% ali 22%), razen \u010de je izrecno navedeno druga\u010de. Cena navedena ob posameznem izdelku ne vsebuje stro\u0161kov dostave. Stro\u0161ek dostave se obra\u010duna pri zaklju\u010dku naro\u010dila.<\/p>\n\n\n\n<p>Ponudnik si pridr\u017euje pravico do spreminjanja cen brez predhodnega obvestila.<br>Veljajo cene in ostale ugodnosti (popusti, darila, na\u010din dostave, soudele\u017ebe pri po\u0161tnini \u2026)\u00a0<strong>na dan oddaje naro\u010dila<\/strong>. Velja originalni ra\u010dun, ki ga prejmete ob pla\u010dilu oz. dostavi v povezavi s splo\u0161nimi pogoji, objavljenimi na tej strani in potrjenimi ob oddaji naro\u010dila. Ra\u010dun prejmete na e-mail naslov ob zaklju\u010dku naro\u010dila.<\/p>\n","protected":false},"excerpt":{"rendered":"<p>Ponudnik omogo\u010da izklju\u010dno naslednje na\u010dine pla\u010dila: \u2013 pla\u010dilo po povzetju,\u2013 pla\u010dilo po predra\u010dunu Na\u010din pla\u010dila kupec izbere pri izvedbi naro\u010dila. Kupoprodajna pogodba (ra\u010dun) se sklepa samo v slovenskem jeziku. Shranjena je na sede\u017eu ponudnika in je kupcu dostopna vsak delovni dan med 10. in 15. uro. Po zaklju\u010dku naro\u010dila na spletni trgovini, kupec prejme ra\u010dun &hellip; <\/p>\n","protected":false},"author":1,"featured_media":0,"parent":0,"menu_order":0,"comment_status":"closed","ping_status":"closed","template":"","meta":{"_acf_changed":false,"footnotes":""},"class_list":["post-2547","page","type-page","status-publish","hentry"],"acf":[],"jetpack_sharing_enabled":true,"_links":{"self":[{"href":"https:\/\/moduli.si\/trgovina\/wp-json\/wp\/v2\/pages\/2547","targetHints":{"allow":["GET"]}}],"collection":[{"href":"https:\/\/moduli.si\/trgovina\/wp-json\/wp\/v2\/pages"}],"about":[{"href":"https:\/\/moduli.si\/trgovina\/wp-json\/wp\/v2\/types\/page"}],"author":[{"embeddable":true,"href":"https:\/\/moduli.si\/trgovina\/wp-json\/wp\/v2\/users\/1"}],"replies":[{"embeddable":true,"href":"https:\/\/moduli.si\/trgovina\/wp-json\/wp\/v2\/comments?post=2547"}],"version-history":[{"count":4,"href":"https:\/\/moduli.si\/trgovina\/wp-json\/wp\/v2\/pages\/2547\/revisions"}],"predecessor-version":[{"id":4252,"href":"https:\/\/moduli.si\/trgovina\/wp-json\/wp\/v2\/pages\/2547\/revisions\/4252"}],"wp:attachment":[{"href":"https:\/\/moduli.si\/trgovina\/wp-json\/wp\/v2\/media?parent=2547"}],"curies":[{"name":"wp","href":"https:\/\/api.w.org\/{rel}","templated":true}]}}