{"id":2549,"date":"2016-07-04T13:45:08","date_gmt":"2016-07-04T12:45:08","guid":{"rendered":"http:\/\/moduli.si\/trgovina\/?page_id=2549"},"modified":"2025-07-21T12:29:35","modified_gmt":"2025-07-21T10:29:35","slug":"dostava","status":"publish","type":"page","link":"https:\/\/moduli.si\/trgovina\/dostava\/","title":{"rendered":"Dostava"},"content":{"rendered":"\n<p>Ponudnik bo blago dostavil v dogovorjenem roku na naslov, dolo\u010den za dostavo.<\/p>\n\n\n\n<p>Rok dobave izdelkov je odvisen od samega izdelka, saj se vsi delajo po naro\u010dilu. Rok dobave posameznega izdelka boste na\u0161li v opisu \u017eeljenega izdelka. <\/p>\n\n\n\n<p>Pogodbeni partner za dostavo po\u0161iljk je&nbsp;<strong>Po\u0161ta Slovenija<\/strong>, vendar si ponudnik pridr\u017euje pravico izbrati drugo dostavno slu\u017ebo, \u010de bo s tem lahko naro\u010dilo izpolnil bolj u\u010dinkovito. Vse po\u0161iljke blaga so zavarovane za primer po\u0161kodbe ali izgube po\u0161iljke. <\/p>\n\n\n\n<p>Po ceniku Po\u0161te Slovenije po\u0161tnina na\u0161ih izdelkov zna\u0161a 7\u20ac (cena z DDV).<\/p>\n\n\n\n<p>Naro\u010deno blago lahko tudi osebno prevzamete v na\u0161i Poslovni enoti Kidri\u010deva ulica 6, Slovenj Gradec.<\/p>\n","protected":false},"excerpt":{"rendered":"<p>Ponudnik bo blago dostavil v dogovorjenem roku na naslov, dolo\u010den za dostavo. Rok dobave izdelkov je odvisen od samega izdelka, saj se vsi delajo po naro\u010dilu. Rok dobave posameznega izdelka boste na\u0161li v opisu \u017eeljenega izdelka. Pogodbeni partner za dostavo po\u0161iljk je&nbsp;Po\u0161ta Slovenija, vendar si ponudnik pridr\u017euje pravico izbrati drugo dostavno slu\u017ebo, \u010de bo s &hellip; <\/p>\n","protected":false},"author":1,"featured_media":0,"parent":0,"menu_order":0,"comment_status":"closed","ping_status":"closed","template":"","meta":{"_acf_changed":false,"footnotes":""},"class_list":["post-2549","page","type-page","status-publish","hentry"],"acf":[],"jetpack_sharing_enabled":true,"_links":{"self":[{"href":"https:\/\/moduli.si\/trgovina\/wp-json\/wp\/v2\/pages\/2549","targetHints":{"allow":["GET"]}}],"collection":[{"href":"https:\/\/moduli.si\/trgovina\/wp-json\/wp\/v2\/pages"}],"about":[{"href":"https:\/\/moduli.si\/trgovina\/wp-json\/wp\/v2\/types\/page"}],"author":[{"embeddable":true,"href":"https:\/\/moduli.si\/trgovina\/wp-json\/wp\/v2\/users\/1"}],"replies":[{"embeddable":true,"href":"https:\/\/moduli.si\/trgovina\/wp-json\/wp\/v2\/comments?post=2549"}],"version-history":[{"count":3,"href":"https:\/\/moduli.si\/trgovina\/wp-json\/wp\/v2\/pages\/2549\/revisions"}],"predecessor-version":[{"id":4229,"href":"https:\/\/moduli.si\/trgovina\/wp-json\/wp\/v2\/pages\/2549\/revisions\/4229"}],"wp:attachment":[{"href":"https:\/\/moduli.si\/trgovina\/wp-json\/wp\/v2\/media?parent=2549"}],"curies":[{"name":"wp","href":"https:\/\/api.w.org\/{rel}","templated":true}]}}