{"id":2617,"date":"2016-10-18T12:06:51","date_gmt":"2016-10-18T10:06:51","guid":{"rendered":"http:\/\/moduli.si\/trgovina\/trgovina\/usnje-softnes\/"},"modified":"2026-03-06T10:40:32","modified_gmt":"2026-03-06T09:40:32","slug":"usnje-softnes","status":"publish","type":"product","link":"https:\/\/moduli.si\/trgovina\/shop\/copati\/copati-odrastli\/copati-usnje\/usnje-softnes\/","title":{"rendered":"Osnovni model copat iz usnja"},"content":{"rendered":"","protected":false},"excerpt":{"rendered":"<p>Copati so izdelani iz kvalitetnih materialov, primernih za vsakdanjo uporabo. Podlo\u017eeni so z 5-8mm mehko podlogo, ki zagotavlja copatu udobje in toplino. Copati imajo usnjen nedrse\u010d podplat, ki ne prepu\u0161\u010da teko\u010din. \u010ci\u0161\u010denje vseh materialov je enostavno. Copati iz filca se \u010distijo s sesalcem ali lepilnim valj\u010dkom, usnjeni copati se o\u010distijo s krpo in blago milnico, medtem ko se lahko tekstilni copati varno in brez te\u017eav perejo v pralnem stroju pri nizkih temperaturah. Copati so lahko izdelani v velikosti od 36 do 50 in se lahko po \u017eelji tudi v celoti prilagodijo.<\/p>\n<p>Rok dobave: Po naro\u010dilu do 10 delovnih dni<\/p>\n","protected":false},"featured_media":2618,"comment_status":"closed","ping_status":"closed","template":"","meta":{"_acf_changed":false},"product_brand":[],"product_cat":[44,95,98],"product_tag":[],"class_list":{"0":"post-2617","1":"product","2":"type-product","3":"status-publish","4":"has-post-thumbnail","6":"product_cat-copati","7":"product_cat-copati-odrastli","8":"product_cat-copati-usnje","10":"first","11":"instock","12":"taxable","13":"shipping-taxable","14":"purchasable","15":"product-type-variable"},"acf":[],"jetpack_sharing_enabled":true,"_links":{"self":[{"href":"https:\/\/moduli.si\/trgovina\/wp-json\/wp\/v2\/product\/2617","targetHints":{"allow":["GET"]}}],"collection":[{"href":"https:\/\/moduli.si\/trgovina\/wp-json\/wp\/v2\/product"}],"about":[{"href":"https:\/\/moduli.si\/trgovina\/wp-json\/wp\/v2\/types\/product"}],"replies":[{"embeddable":true,"href":"https:\/\/moduli.si\/trgovina\/wp-json\/wp\/v2\/comments?post=2617"}],"wp:featuredmedia":[{"embeddable":true,"href":"https:\/\/moduli.si\/trgovina\/wp-json\/wp\/v2\/media\/2618"}],"wp:attachment":[{"href":"https:\/\/moduli.si\/trgovina\/wp-json\/wp\/v2\/media?parent=2617"}],"wp:term":[{"taxonomy":"product_brand","embeddable":true,"href":"https:\/\/moduli.si\/trgovina\/wp-json\/wp\/v2\/product_brand?post=2617"},{"taxonomy":"product_cat","embeddable":true,"href":"https:\/\/moduli.si\/trgovina\/wp-json\/wp\/v2\/product_cat?post=2617"},{"taxonomy":"product_tag","embeddable":true,"href":"https:\/\/moduli.si\/trgovina\/wp-json\/wp\/v2\/product_tag?post=2617"}],"curies":[{"name":"wp","href":"https:\/\/api.w.org\/{rel}","templated":true}]}}