{"id":2635,"date":"2016-10-18T12:26:06","date_gmt":"2016-10-18T10:26:06","guid":{"rendered":"http:\/\/moduli.si\/trgovina\/trgovina\/lively-rdece-srce\/"},"modified":"2026-03-06T10:39:52","modified_gmt":"2026-03-06T09:39:52","slug":"lively-rdece-srce","status":"publish","type":"product","link":"https:\/\/moduli.si\/trgovina\/shop\/copati\/copati-odrastli\/copati-tekstil\/lively-rdece-srce\/","title":{"rendered":"Copati &#8211; Ljubim te rde\u010de srce"},"content":{"rendered":"","protected":false},"excerpt":{"rendered":"<p>Kvalitetni copati za vsakdanjo uporabo. Izdelani\u00a0 so iz tekstila ali usnja, podlo\u017eeni z mehko podlogo. Podplat je iz usnja ali umetnega usnja, skupna debelina podplata pa je od 5 do 8 mm. Ravno to jim daje mehkobo, a tudi kompaktnost, ki zagotavljata udobje in toplino pri no\u0161enju.\u00a0 \u010ci\u0161\u010denje je enostavno. Tekstilni copati se lahko perejo v pralnem stroju pri nizki temperaturi, usnjeni pa o\u010distijo s krpo in blago milnico.\u00a0 Copati so izdelani\u00a0 v velikostih od \u0161t. 22 \u2013 50 in so lahko v celoti prilagojeni va\u0161im \u017eeljam in potrebam. Po\u0161lji povpra\u0161evanje na info@moduli.si.<\/p>\n","protected":false},"featured_media":2636,"comment_status":"closed","ping_status":"closed","template":"","meta":{"_acf_changed":false},"product_brand":[],"product_cat":[44,95,97],"product_tag":[],"class_list":{"0":"post-2635","1":"product","2":"type-product","3":"status-publish","4":"has-post-thumbnail","6":"product_cat-copati","7":"product_cat-copati-odrastli","8":"product_cat-copati-tekstil","10":"first","11":"onbackorder","12":"taxable","13":"shipping-taxable","14":"purchasable","15":"product-type-variable"},"acf":[],"jetpack_sharing_enabled":true,"_links":{"self":[{"href":"https:\/\/moduli.si\/trgovina\/wp-json\/wp\/v2\/product\/2635","targetHints":{"allow":["GET"]}}],"collection":[{"href":"https:\/\/moduli.si\/trgovina\/wp-json\/wp\/v2\/product"}],"about":[{"href":"https:\/\/moduli.si\/trgovina\/wp-json\/wp\/v2\/types\/product"}],"replies":[{"embeddable":true,"href":"https:\/\/moduli.si\/trgovina\/wp-json\/wp\/v2\/comments?post=2635"}],"wp:featuredmedia":[{"embeddable":true,"href":"https:\/\/moduli.si\/trgovina\/wp-json\/wp\/v2\/media\/2636"}],"wp:attachment":[{"href":"https:\/\/moduli.si\/trgovina\/wp-json\/wp\/v2\/media?parent=2635"}],"wp:term":[{"taxonomy":"product_brand","embeddable":true,"href":"https:\/\/moduli.si\/trgovina\/wp-json\/wp\/v2\/product_brand?post=2635"},{"taxonomy":"product_cat","embeddable":true,"href":"https:\/\/moduli.si\/trgovina\/wp-json\/wp\/v2\/product_cat?post=2635"},{"taxonomy":"product_tag","embeddable":true,"href":"https:\/\/moduli.si\/trgovina\/wp-json\/wp\/v2\/product_tag?post=2635"}],"curies":[{"name":"wp","href":"https:\/\/api.w.org\/{rel}","templated":true}]}}