{"id":2711,"date":"2016-10-18T16:54:15","date_gmt":"2016-10-18T14:54:15","guid":{"rendered":"http:\/\/moduli.si\/trgovina\/trgovina\/delicious-metulj-oranzni\/"},"modified":"2026-03-06T10:31:52","modified_gmt":"2026-03-06T09:31:52","slug":"delicious-metulj-oranzni","status":"publish","type":"product","link":"https:\/\/moduli.si\/trgovina\/shop\/copati\/copati-otroski\/copati-otroski-tekstil-copati-otroski\/delicious-metulj-oranzni\/","title":{"rendered":"Otro\u0161ki copati z motivom metulja- oran\u017eni"},"content":{"rendered":"","protected":false},"excerpt":{"rendered":"<p>Kvalitetni otro\u0161ki copati iz kvalitetnih materialov, primernih za vsakdanjo uporabo. Izdelani so iz tekstila ali usnja. Podlo\u017eeni so z 5-8mm mehko podlogo, ki daje copatu udobje in toplino. Glede na aktivnost in dinami\u010dnost otrok pa je pomembna tudi varnost copat, zato imajo na\u0161i copati usnjen copat, ki ne drsi. Copati ne prepu\u0161\u010dajo umazanije in mokrote, pa vendar jih priporo\u010damo predvsem za uporabo v notranjih in suhih prostorih. Predvsem pomembno pa je tudi, da se lahko o\u010distijo \u010disto enostavno. Za \u010di\u0161\u010denje usnjenih copatov potrebujemo le krpo in blago milnico, tekstilne copate pa se brez skrbi perejo v pralnem stroju na nizki temperaturi. Copati so lahko izdelani v velikostih od 22 do 36 in se po va\u0161em okusu in \u017eeljah lahko prilagodijo z razli\u010dnimi barvami in motivi. Primerni so za uporabo v igralnicah, vrtcih, \u0161olah in pri vseh ob\u0161olskih dejavnostih kot tudi doma.<\/p>\n<p>Rok dobave: Po naro\u010dilu do 10 delovnih dni<\/p>\n<p>* Ime\/napis\/logo\/motiv, ki ga \u017eelite na copatu, dodajte pod OPOMBE na blagajni (v stolpcu &#8221;Naslov za dostavo&#8221;) !<\/p>\n","protected":false},"featured_media":3351,"comment_status":"closed","ping_status":"closed","template":"","meta":{"_acf_changed":false},"product_brand":[],"product_cat":[44,96,101],"product_tag":[],"class_list":{"0":"post-2711","1":"product","2":"type-product","3":"status-publish","4":"has-post-thumbnail","6":"product_cat-copati","7":"product_cat-copati-otroski","8":"product_cat-copati-otroski-tekstil-copati-otroski","10":"first","11":"onbackorder","12":"taxable","13":"shipping-taxable","14":"purchasable","15":"product-type-variable"},"acf":[],"jetpack_sharing_enabled":true,"_links":{"self":[{"href":"https:\/\/moduli.si\/trgovina\/wp-json\/wp\/v2\/product\/2711","targetHints":{"allow":["GET"]}}],"collection":[{"href":"https:\/\/moduli.si\/trgovina\/wp-json\/wp\/v2\/product"}],"about":[{"href":"https:\/\/moduli.si\/trgovina\/wp-json\/wp\/v2\/types\/product"}],"replies":[{"embeddable":true,"href":"https:\/\/moduli.si\/trgovina\/wp-json\/wp\/v2\/comments?post=2711"}],"wp:featuredmedia":[{"embeddable":true,"href":"https:\/\/moduli.si\/trgovina\/wp-json\/wp\/v2\/media\/3351"}],"wp:attachment":[{"href":"https:\/\/moduli.si\/trgovina\/wp-json\/wp\/v2\/media?parent=2711"}],"wp:term":[{"taxonomy":"product_brand","embeddable":true,"href":"https:\/\/moduli.si\/trgovina\/wp-json\/wp\/v2\/product_brand?post=2711"},{"taxonomy":"product_cat","embeddable":true,"href":"https:\/\/moduli.si\/trgovina\/wp-json\/wp\/v2\/product_cat?post=2711"},{"taxonomy":"product_tag","embeddable":true,"href":"https:\/\/moduli.si\/trgovina\/wp-json\/wp\/v2\/product_tag?post=2711"}],"curies":[{"name":"wp","href":"https:\/\/api.w.org\/{rel}","templated":true}]}}