{"id":3158,"date":"2019-10-14T13:10:53","date_gmt":"2019-10-14T11:10:53","guid":{"rendered":"http:\/\/moduli.si\/trgovina\/?post_type=product&#038;p=3158"},"modified":"2026-03-06T10:21:11","modified_gmt":"2026-03-06T09:21:11","slug":"vecnamenski-dekliski-nahrbtnik-zajcek","status":"publish","type":"product","link":"https:\/\/moduli.si\/trgovina\/shop\/moderni-nahrbtniki-in-torbice\/otroski-nahrbtniki\/vecnamenski-dekliski-nahrbtnik-zajcek\/","title":{"rendered":"Ve\u010dnamenski dekli\u0161ki nahrbtnik &#8211; zaj\u010dek"},"content":{"rendered":"","protected":false},"excerpt":{"rendered":"<p>Otro\u0161ki nahrbtniki so na voljo z motivi razli\u010dnih \u017eivalic in so namenjeni predvsem pred\u0161olskim in \u0161oloobveznim otrokom, bodisi za igro ali pa prena\u0161anje in shranjevanje malice, copat, rezervnih obla\u010dil in igra\u010d. Izbirate lahko med razli\u010dnimi motivi \u017eivalic in v raznih barvnih kombinacijah.<\/p>\n<p>Izdelani so iz kvalitetnih materialov, ki so trpe\u017eni in primerni za pranje v pralnem stroju. Vsak nahrbtnik ima dovolj prostora za shranjevanje in vsebuje tudi poseben \u017eep za shranjevanje manj\u0161ih predmetov. Nahrbtniki imajo tudi udobne in nastavljive naramnice in se lahko prilagodijo otrokom od 5 let dalje.<\/p>\n<p>Vsak nahrbtnik pa se lahko kombinira tudi z ujemajo\u010dimi copati. Preveri ponudbo pod zavihkom otro\u0161ki tekstilni copati.<\/p>\n<p>Rok dobave: Po naro\u010dilu do 10 delovnih dni<\/p>\n","protected":false},"featured_media":3155,"comment_status":"closed","ping_status":"closed","template":"","meta":{"_acf_changed":false},"product_brand":[],"product_cat":[78,106],"product_tag":[],"class_list":{"0":"post-3158","1":"product","2":"type-product","3":"status-publish","4":"has-post-thumbnail","6":"product_cat-moderni-nahrbtniki-in-torbice","7":"product_cat-otroski-nahrbtniki","9":"first","10":"onbackorder","11":"taxable","12":"shipping-taxable","13":"purchasable","14":"product-type-simple"},"acf":[],"jetpack_sharing_enabled":true,"_links":{"self":[{"href":"https:\/\/moduli.si\/trgovina\/wp-json\/wp\/v2\/product\/3158","targetHints":{"allow":["GET"]}}],"collection":[{"href":"https:\/\/moduli.si\/trgovina\/wp-json\/wp\/v2\/product"}],"about":[{"href":"https:\/\/moduli.si\/trgovina\/wp-json\/wp\/v2\/types\/product"}],"replies":[{"embeddable":true,"href":"https:\/\/moduli.si\/trgovina\/wp-json\/wp\/v2\/comments?post=3158"}],"wp:featuredmedia":[{"embeddable":true,"href":"https:\/\/moduli.si\/trgovina\/wp-json\/wp\/v2\/media\/3155"}],"wp:attachment":[{"href":"https:\/\/moduli.si\/trgovina\/wp-json\/wp\/v2\/media?parent=3158"}],"wp:term":[{"taxonomy":"product_brand","embeddable":true,"href":"https:\/\/moduli.si\/trgovina\/wp-json\/wp\/v2\/product_brand?post=3158"},{"taxonomy":"product_cat","embeddable":true,"href":"https:\/\/moduli.si\/trgovina\/wp-json\/wp\/v2\/product_cat?post=3158"},{"taxonomy":"product_tag","embeddable":true,"href":"https:\/\/moduli.si\/trgovina\/wp-json\/wp\/v2\/product_tag?post=3158"}],"curies":[{"name":"wp","href":"https:\/\/api.w.org\/{rel}","templated":true}]}}