{"id":3646,"date":"2022-04-07T13:05:36","date_gmt":"2022-04-07T11:05:36","guid":{"rendered":"https:\/\/moduli.si\/trgovina\/?post_type=product&#038;p=3646"},"modified":"2026-03-06T10:19:09","modified_gmt":"2026-03-06T09:19:09","slug":"modni-nahrbtnik-bw","status":"publish","type":"product","link":"https:\/\/moduli.si\/trgovina\/shop\/moderni-nahrbtniki-in-torbice\/moderni-nahrbtniki-torbice\/modni-nahrbtnik-bw\/","title":{"rendered":"Modni nahrbtnik B&#038;W"},"content":{"rendered":"","protected":false},"excerpt":{"rendered":"<p>Modni nahrbtniki so s svojim atraktivnim videzom idealno darilo za vsako \u017eensko. Nahrbtnik je namenjen vsakodnevni uporabi in shranjevanju ter prena\u0161anju osebnih stvari. Na voljo so v razli\u010dnih barvnih kombinacijah. Nahrbtniki so izdelani iz kvalitetnih materialov in so v notranjosti opremljeni z za\u0161\u010ditno podlogo in dodatnim \u017eepkom za shranjevanje manj\u0161ih stvari, kot so klju\u010di, telefon, drobi\u017e,..<\/p>\n<p><strong>Lastnosti<\/strong><\/p>\n<p>Dimenzije: 33x40cm<br \/>\nMaterial naramnic: usnje ali vrvica<br \/>\nMaterial: umetno usnje<br \/>\nRok dobave: Ob zalogi 3-5 delovnih dni<\/p>\n","protected":false},"featured_media":3650,"comment_status":"closed","ping_status":"closed","template":"","meta":{"_acf_changed":false},"product_brand":[],"product_cat":[92,105,78],"product_tag":[],"class_list":{"0":"post-3646","1":"product","2":"type-product","3":"status-publish","4":"has-post-thumbnail","6":"product_cat-kompleti","7":"product_cat-moderni-nahrbtniki-torbice","8":"product_cat-moderni-nahrbtniki-in-torbice","10":"first","11":"outofstock","12":"featured","13":"taxable","14":"shipping-taxable","15":"purchasable","16":"product-type-variable"},"acf":[],"jetpack_sharing_enabled":true,"_links":{"self":[{"href":"https:\/\/moduli.si\/trgovina\/wp-json\/wp\/v2\/product\/3646","targetHints":{"allow":["GET"]}}],"collection":[{"href":"https:\/\/moduli.si\/trgovina\/wp-json\/wp\/v2\/product"}],"about":[{"href":"https:\/\/moduli.si\/trgovina\/wp-json\/wp\/v2\/types\/product"}],"replies":[{"embeddable":true,"href":"https:\/\/moduli.si\/trgovina\/wp-json\/wp\/v2\/comments?post=3646"}],"wp:featuredmedia":[{"embeddable":true,"href":"https:\/\/moduli.si\/trgovina\/wp-json\/wp\/v2\/media\/3650"}],"wp:attachment":[{"href":"https:\/\/moduli.si\/trgovina\/wp-json\/wp\/v2\/media?parent=3646"}],"wp:term":[{"taxonomy":"product_brand","embeddable":true,"href":"https:\/\/moduli.si\/trgovina\/wp-json\/wp\/v2\/product_brand?post=3646"},{"taxonomy":"product_cat","embeddable":true,"href":"https:\/\/moduli.si\/trgovina\/wp-json\/wp\/v2\/product_cat?post=3646"},{"taxonomy":"product_tag","embeddable":true,"href":"https:\/\/moduli.si\/trgovina\/wp-json\/wp\/v2\/product_tag?post=3646"}],"curies":[{"name":"wp","href":"https:\/\/api.w.org\/{rel}","templated":true}]}}