{"id":3694,"date":"2022-04-12T09:12:52","date_gmt":"2022-04-12T07:12:52","guid":{"rendered":"https:\/\/moduli.si\/trgovina\/?post_type=product&#038;p=3694"},"modified":"2026-03-06T10:12:07","modified_gmt":"2026-03-06T09:12:07","slug":"otroski-nahrbtnik-medvedek","status":"publish","type":"product","link":"https:\/\/moduli.si\/trgovina\/shop\/moderni-nahrbtniki-in-torbice\/otroski-nahrbtniki\/otroski-nahrbtnik-medvedek\/","title":{"rendered":"Otro\u0161ki nahrbtnik Medvedek"},"content":{"rendered":"","protected":false},"excerpt":{"rendered":"<p>Otro\u0161ki nahrbtniki so na voljo z motivi razli\u010dnih \u017eivalic in so namenjeni predvsem pred\u0161olskim in \u0161oloobveznim otrokom, bodisi za igro ali pa prena\u0161anje in shranjevanje malice, copat, rezervnih obla\u010dil in igra\u010d. Izbirate lahko med razli\u010dnimi motivi \u017eivalic in v raznih barvnih kombinacijah.<\/p>\n<p>Izdelani so iz kvalitetnih materialov, ki so trpe\u017eni in primerni za pranje v pralnem stroju. Vsak nahrbtnik ima dovolj prostora za shranjevanje in vsebuje tudi poseben \u017eep za shranjevanje manj\u0161ih predmetov. Nahrbtniki imajo tudi udobne in nastavljive naramnice in se lahko prilagodijo otrokom od 5 let dalje.<\/p>\n<p>Ta nahrbtnik se lahko kombinira tudi z ujemajo\u010dimi copati in drobi\u017enico. Preveri ponudbo pod zavihkom otro\u0161ki tekstilni copati in toaletne torbice.<\/p>\n<p>Rok dobave: Po naro\u010dilu do 10 delovnih dni<\/p>\n","protected":false},"featured_media":3695,"comment_status":"closed","ping_status":"closed","template":"","meta":{"_acf_changed":false},"product_brand":[],"product_cat":[78,106],"product_tag":[],"class_list":{"0":"post-3694","1":"product","2":"type-product","3":"status-publish","4":"has-post-thumbnail","6":"product_cat-moderni-nahrbtniki-in-torbice","7":"product_cat-otroski-nahrbtniki","9":"first","10":"instock","11":"taxable","12":"shipping-taxable","13":"purchasable","14":"product-type-variable"},"acf":[],"jetpack_sharing_enabled":true,"_links":{"self":[{"href":"https:\/\/moduli.si\/trgovina\/wp-json\/wp\/v2\/product\/3694","targetHints":{"allow":["GET"]}}],"collection":[{"href":"https:\/\/moduli.si\/trgovina\/wp-json\/wp\/v2\/product"}],"about":[{"href":"https:\/\/moduli.si\/trgovina\/wp-json\/wp\/v2\/types\/product"}],"replies":[{"embeddable":true,"href":"https:\/\/moduli.si\/trgovina\/wp-json\/wp\/v2\/comments?post=3694"}],"wp:featuredmedia":[{"embeddable":true,"href":"https:\/\/moduli.si\/trgovina\/wp-json\/wp\/v2\/media\/3695"}],"wp:attachment":[{"href":"https:\/\/moduli.si\/trgovina\/wp-json\/wp\/v2\/media?parent=3694"}],"wp:term":[{"taxonomy":"product_brand","embeddable":true,"href":"https:\/\/moduli.si\/trgovina\/wp-json\/wp\/v2\/product_brand?post=3694"},{"taxonomy":"product_cat","embeddable":true,"href":"https:\/\/moduli.si\/trgovina\/wp-json\/wp\/v2\/product_cat?post=3694"},{"taxonomy":"product_tag","embeddable":true,"href":"https:\/\/moduli.si\/trgovina\/wp-json\/wp\/v2\/product_tag?post=3694"}],"curies":[{"name":"wp","href":"https:\/\/api.w.org\/{rel}","templated":true}]}}