{"id":3704,"date":"2022-04-12T09:29:18","date_gmt":"2022-04-12T07:29:18","guid":{"rendered":"https:\/\/moduli.si\/trgovina\/?post_type=product&#038;p=3704"},"modified":"2026-03-06T10:10:05","modified_gmt":"2026-03-06T09:10:05","slug":"drobiznica-miki-miska1","status":"publish","type":"product","link":"https:\/\/moduli.si\/trgovina\/shop\/moderni-nahrbtniki-in-torbice\/toaletne-torbice\/drobiznica-miki-miska1\/","title":{"rendered":"Drobi\u017enica Miki mi\u0161ka1"},"content":{"rendered":"","protected":false},"excerpt":{"rendered":"<p>Kot dodatek k otro\u0161kim nahrbtnikom ponujamo tudi drobi\u017enice. Majhne drobi\u017enice so primerne za shranjevanje drobi\u017ea, klju\u010dev ali drugih manj\u0161ih predmetov. Ustvarjene so, da se prodajajo v kompletu z nahrbtnikom in otro\u0161kimi copati.<\/p>\n","protected":false},"featured_media":3705,"comment_status":"closed","ping_status":"closed","template":"","meta":{"_acf_changed":false},"product_brand":[],"product_cat":[78,107],"product_tag":[],"class_list":{"0":"post-3704","1":"product","2":"type-product","3":"status-publish","4":"has-post-thumbnail","6":"product_cat-moderni-nahrbtniki-in-torbice","7":"product_cat-toaletne-torbice","9":"first","10":"instock","11":"taxable","12":"shipping-taxable","13":"purchasable","14":"product-type-simple"},"acf":[],"jetpack_sharing_enabled":true,"_links":{"self":[{"href":"https:\/\/moduli.si\/trgovina\/wp-json\/wp\/v2\/product\/3704","targetHints":{"allow":["GET"]}}],"collection":[{"href":"https:\/\/moduli.si\/trgovina\/wp-json\/wp\/v2\/product"}],"about":[{"href":"https:\/\/moduli.si\/trgovina\/wp-json\/wp\/v2\/types\/product"}],"replies":[{"embeddable":true,"href":"https:\/\/moduli.si\/trgovina\/wp-json\/wp\/v2\/comments?post=3704"}],"wp:featuredmedia":[{"embeddable":true,"href":"https:\/\/moduli.si\/trgovina\/wp-json\/wp\/v2\/media\/3705"}],"wp:attachment":[{"href":"https:\/\/moduli.si\/trgovina\/wp-json\/wp\/v2\/media?parent=3704"}],"wp:term":[{"taxonomy":"product_brand","embeddable":true,"href":"https:\/\/moduli.si\/trgovina\/wp-json\/wp\/v2\/product_brand?post=3704"},{"taxonomy":"product_cat","embeddable":true,"href":"https:\/\/moduli.si\/trgovina\/wp-json\/wp\/v2\/product_cat?post=3704"},{"taxonomy":"product_tag","embeddable":true,"href":"https:\/\/moduli.si\/trgovina\/wp-json\/wp\/v2\/product_tag?post=3704"}],"curies":[{"name":"wp","href":"https:\/\/api.w.org\/{rel}","templated":true}]}}